{"id":153,"date":"2018-07-04T11:41:37","date_gmt":"2018-07-04T09:41:37","guid":{"rendered":"http:\/\/magrittel.cluster014.ovh.net\/magrittemuseum.be\/?page_id=153"},"modified":"2025-08-08T17:31:55","modified_gmt":"2025-08-08T15:31:55","slug":"musee","status":"publish","type":"page","link":"https:\/\/www.magrittemuseum.be\/index.php\/fr\/musee\/","title":{"rendered":"Mus\u00e9e Ren\u00e9 Magritte"},"content":{"rendered":"<h4 id=\"titre\" style=\"text-align: justify;\">Un mot du conservateur, Andr\u00e9 Garitte, \u00e0 l&rsquo;occasion des 10 ans du Mus\u00e9e :<\/h4>\n\n\n<div class=\"wp-block-media-text is-stacked-on-mobile is-image-fill\" style=\"grid-template-columns:25% auto\"><figure class=\"wp-block-media-text__media\" style=\"background-image:url(https:\/\/www.magrittemuseum.be\/wp-content\/uploads\/2018\/07\/A240701-1024x680.jpg);background-position:50% 50%\"><img loading=\"lazy\" decoding=\"async\" width=\"1024\" height=\"680\" src=\"https:\/\/www.magrittemuseum.be\/wp-content\/uploads\/2018\/07\/A240701-1024x680.jpg\" alt=\"\" class=\"wp-image-332 size-full\" srcset=\"https:\/\/www.magrittemuseum.be\/wp-content\/uploads\/2018\/07\/A240701-1024x680.jpg 1024w, https:\/\/www.magrittemuseum.be\/wp-content\/uploads\/2018\/07\/A240701-300x199.jpg 300w, https:\/\/www.magrittemuseum.be\/wp-content\/uploads\/2018\/07\/A240701-768x510.jpg 768w, https:\/\/www.magrittemuseum.be\/wp-content\/uploads\/2018\/07\/A240701-1260x836.jpg 1260w\" sizes=\"(max-width: 1024px) 100vw, 1024px\" \/><\/figure><div class=\"wp-block-media-text__content\">\n<p>L&rsquo;id\u00e9e de cr\u00e9er un mus\u00e9e pour Ren\u00e9 Magritte, le plus grand peintre belge et l&rsquo;un des plus importants surr\u00e9alistes au monde, date de 1983. Depuis lors, j&rsquo;essayai de convaincre Georgette Magritte, la veuve de l&rsquo;artiste, de faire de leur derni\u00e8re habitation un mus\u00e9e biographique. Elle h\u00e9sita, elle se croyait plus ou moins immortelle et ne pouvait donc pas s&rsquo;imaginer \u00ab\u00a0que les gens marcheraient sur ses tapis\u00a0\u00bb pendant qu&rsquo;elle serait l\u00e0 \u00e0 les regarder. L&rsquo;int\u00e9r\u00eat pour cr\u00e9er un tel mus\u00e9e \u00e9tait, de la part de l&rsquo;entourage de Georgette (c&rsquo;\u00e9tait l\u00e0 un peu \u00ab\u00a0chacun pour soi\u00a0\u00bb) et des autorit\u00e9s, pratiquement nul. Ce projet n&rsquo;aboutit donc pas. Cela me semblait un peu \u00eatre le plus grand flop de ma vie jusque-l\u00e0.<\/p>\n<\/div><\/div>\n\n\n\n<div class=\"wp-block-media-text is-stacked-on-mobile\" style=\"grid-template-columns:25% auto\"><figure class=\"wp-block-media-text__media\"><img loading=\"lazy\" decoding=\"async\" width=\"356\" height=\"450\" src=\"https:\/\/www.magrittemuseum.be\/wp-content\/uploads\/2018\/07\/fa\u00e7ade-nuit.jpg\" alt=\"\" class=\"wp-image-471 size-full\" srcset=\"https:\/\/www.magrittemuseum.be\/wp-content\/uploads\/2018\/07\/fa\u00e7ade-nuit.jpg 356w, https:\/\/www.magrittemuseum.be\/wp-content\/uploads\/2018\/07\/fa\u00e7ade-nuit-237x300.jpg 237w\" sizes=\"(max-width: 356px) 100vw, 356px\" \/><\/figure><div class=\"wp-block-media-text__content\">\n<p>En 1992, j&rsquo;en vins \u00e0 constater qu&rsquo;une maison ant\u00e9rieure, que le couple Magritte occupa \u00e0 Jette, existait toujours et n&rsquo;\u00e9tait que d\u00e9grad\u00e9e. Il s&rsquo;av\u00e9ra alors soudain qu&rsquo;il s&rsquo;agissait l\u00e0 de l&rsquo;immeuble le plus crucial, le plus historique : Magritte y avait habit\u00e9 de 1930 \u00e0 1954, beaucoup plus longtemps que dans toutes ses autres maisons mises ensemble. Il y avait peint environ la moiti\u00e9 de son \u0153uvre. La plus grande partie de ses chefs d&rsquo;\u0153uvre \u00e9tait n\u00e9e ici. Il y avait cr\u00e9\u00e9 un atelier et une petite firme de publicit\u00e9 (<em>Studio Dongo<\/em>). Et, enfin, cette maison \u00e9tait devenue le quartier g\u00e9n\u00e9ral des surr\u00e9alistes belges, les amis entourant le peintre s&rsquo;y r\u00e9unissaient chaque semaine et y organisaient toutes sortes d&rsquo;activit\u00e9s subversives.<\/p>\n<\/div><\/div>\n\n\n\n<div style=\"height:50px\" aria-hidden=\"true\" class=\"wp-block-spacer\"><\/div>\n\n\n\n<div class=\"wp-block-media-text has-media-on-the-right is-stacked-on-mobile is-image-fill\" style=\"grid-template-columns:auto 25%\"><div class=\"wp-block-media-text__content\">\n<p>Cela prit six ans de temps et beaucoup d\u2019ardeur pour restaurer l\u2019immeuble, retrouver les meubles et objets personnels, compl\u00e9ter la collection d\u2019\u0153uvres et de documents de Magritte, rep\u00e9rer des t\u00e9moins int\u00e9ressants. En m\u00eame temps fut propos\u00e9 au conservateur en chef des Mus\u00e9es royaux des Beaux-Arts de Bruxelles de l\u2019\u00e9poque de collaborer, mais l\u2019on n\u2019y donna aucune suite. Peu apr\u00e8s le centi\u00e8me anniversaire de la naissance de Magritte, le mus\u00e9e ouvrit le 5 juin 1999. Depuis, sa survie repose sur les entr\u00e9es des visiteurs. L\u2019aide des autorit\u00e9s se limite aux salaires du personnel (le conservateur travaille b\u00e9n\u00e9volement) et \u00e0 un sponsor occasionnel. Mais le plus difficile de tout reste le facteur humain. Pas tant de trouver des sympathisants sur le bord de la route, mais bien des collaborateurs \u00e0 long terme pour ce projet. Des gens motiv\u00e9s, qui ne font pas juste leur job, mais qui s\u2019engagent aussi pour un id\u00e9al. Sur qui on peut compter, et continuer de compter.<\/p>\n<\/div><figure class=\"wp-block-media-text__media\" style=\"background-image:url(https:\/\/www.magrittemuseum.be\/wp-content\/uploads\/2018\/07\/salon-2-1-1024x814.jpg);background-position:52% 61%\"><img loading=\"lazy\" decoding=\"async\" width=\"1024\" height=\"814\" src=\"https:\/\/www.magrittemuseum.be\/wp-content\/uploads\/2018\/07\/salon-2-1-1024x814.jpg\" alt=\"\" class=\"wp-image-470 size-full\" srcset=\"https:\/\/www.magrittemuseum.be\/wp-content\/uploads\/2018\/07\/salon-2-1-1024x814.jpg 1024w, https:\/\/www.magrittemuseum.be\/wp-content\/uploads\/2018\/07\/salon-2-1-300x238.jpg 300w, https:\/\/www.magrittemuseum.be\/wp-content\/uploads\/2018\/07\/salon-2-1-768x610.jpg 768w, https:\/\/www.magrittemuseum.be\/wp-content\/uploads\/2018\/07\/salon-2-1-1260x1001.jpg 1260w\" sizes=\"(max-width: 1024px) 100vw, 1024px\" \/><\/figure><\/div>\n\n\n\n<div class=\"wp-block-media-text has-media-on-the-right is-stacked-on-mobile is-image-fill\" style=\"grid-template-columns:auto 25%\"><div class=\"wp-block-media-text__content\">\n<p>Malgr\u00e9 les moyens financiers limit\u00e9s, en dix ans la collection a \u00e9t\u00e9 r\u00e9guli\u00e8rement agrandie avec des dessins de Magritte, le pr\u00eat d&rsquo;un tableau important, des travaux publicitaires et des affiches de films originaux, ainsi que des meubles comme le piano, une voli\u00e8re ou une <em>Table-porte<\/em> surr\u00e9aliste. Depuis 2006 ont aussi lieu des expositions annuelles sur des surr\u00e9alistes et des abstraits. Ainsi, Ren\u00e9 Guiette (2006), ELT Mesens (2007), Edmond van Dooren (2008), Francine Holley (2009). Et apr\u00e8s ces dix ans? L&rsquo;avenir du mus\u00e9e est orient\u00e9 vers une extension strat\u00e9gique dans l&rsquo;immeuble vieux de cent ans situ\u00e9 juste \u00e0 c\u00f4t\u00e9, comportant trois niveaux et un chalet dans le jardin. Apr\u00e8s une nouvelle restauration, ce b\u00e2timent deviendrait le centre de la collection d&rsquo;art abstrait (ann\u00e9es 1920 et 1950-70) que notre Fondation poss\u00e8de aussi et qui compte environ 650 \u0153uvres. Les deux maisons seraient reli\u00e9es l&rsquo;une \u00e0 l&rsquo;autre, ce qui est un lien organique puisque Magritte fut lui-m\u00eame un artiste cubiste-abstrait dans les premi\u00e8res ann\u00e9es de sa carri\u00e8re. Le mus\u00e9e deviendrait, de cette mani\u00e8re, une enseigne de ce que furent les plus importants courants de l&rsquo;art moderne du vingti\u00e8me si\u00e8cle : le surr\u00e9alisme et l&rsquo;abstraction. Avec Magritte comme point culminant in\u00e9gal\u00e9.<\/p>\n<\/div><figure class=\"wp-block-media-text__media\" style=\"background-image:url(https:\/\/www.magrittemuseum.be\/wp-content\/uploads\/2018\/07\/atelier-salle-\u00e0-manger-1024x759.jpg);background-position:8% 56%\"><img loading=\"lazy\" decoding=\"async\" width=\"1024\" height=\"759\" src=\"https:\/\/www.magrittemuseum.be\/wp-content\/uploads\/2018\/07\/atelier-salle-\u00e0-manger-1024x759.jpg\" alt=\"\" class=\"wp-image-483 size-full\" srcset=\"https:\/\/www.magrittemuseum.be\/wp-content\/uploads\/2018\/07\/atelier-salle-\u00e0-manger-1024x759.jpg 1024w, https:\/\/www.magrittemuseum.be\/wp-content\/uploads\/2018\/07\/atelier-salle-\u00e0-manger-300x222.jpg 300w, https:\/\/www.magrittemuseum.be\/wp-content\/uploads\/2018\/07\/atelier-salle-\u00e0-manger-768x569.jpg 768w, https:\/\/www.magrittemuseum.be\/wp-content\/uploads\/2018\/07\/atelier-salle-\u00e0-manger-1260x934.jpg 1260w\" sizes=\"(max-width: 1024px) 100vw, 1024px\" \/><\/figure><\/div>\n","protected":false},"excerpt":{"rendered":"<p>Un mot du conservateur, Andr\u00e9 Garitte, \u00e0 l&rsquo;occasion des 10 ans du Mus\u00e9e : L&rsquo;id\u00e9e de cr\u00e9er un mus\u00e9e pour Ren\u00e9 Magritte, le plus grand peintre belge et l&rsquo;un des plus importants surr\u00e9alistes au monde, date de 1983. Depuis lors, j&rsquo;essayai de convaincre Georgette Magritte, la veuve de l&rsquo;artiste, de faire de leur derni\u00e8re habitation &#8230; <a title=\"Mus\u00e9e Ren\u00e9 Magritte\" class=\"read-more\" href=\"https:\/\/www.magrittemuseum.be\/index.php\/fr\/musee\/\" aria-label=\"En savoir plus sur Mus\u00e9e Ren\u00e9 Magritte\">Lire la suite<\/a><\/p>\n","protected":false},"author":1,"featured_media":0,"parent":0,"menu_order":0,"comment_status":"closed","ping_status":"closed","template":"","meta":{"footnotes":""},"_links":{"self":[{"href":"https:\/\/www.magrittemuseum.be\/index.php\/wp-json\/wp\/v2\/pages\/153"}],"collection":[{"href":"https:\/\/www.magrittemuseum.be\/index.php\/wp-json\/wp\/v2\/pages"}],"about":[{"href":"https:\/\/www.magrittemuseum.be\/index.php\/wp-json\/wp\/v2\/types\/page"}],"author":[{"embeddable":true,"href":"https:\/\/www.magrittemuseum.be\/index.php\/wp-json\/wp\/v2\/users\/1"}],"replies":[{"embeddable":true,"href":"https:\/\/www.magrittemuseum.be\/index.php\/wp-json\/wp\/v2\/comments?post=153"}],"version-history":[{"count":12,"href":"https:\/\/www.magrittemuseum.be\/index.php\/wp-json\/wp\/v2\/pages\/153\/revisions"}],"predecessor-version":[{"id":6081,"href":"https:\/\/www.magrittemuseum.be\/index.php\/wp-json\/wp\/v2\/pages\/153\/revisions\/6081"}],"wp:attachment":[{"href":"https:\/\/www.magrittemuseum.be\/index.php\/wp-json\/wp\/v2\/media?parent=153"}],"curies":[{"name":"wp","href":"https:\/\/api.w.org\/{rel}","templated":true}]}}