{"id":224,"date":"2018-07-04T16:23:31","date_gmt":"2018-07-04T14:23:31","guid":{"rendered":"http:\/\/magrittel.cluster014.ovh.net\/magrittemuseum.be\/?page_id=224"},"modified":"2025-08-09T14:02:35","modified_gmt":"2025-08-09T12:02:35","slug":"musee-dart-abstrait","status":"publish","type":"page","link":"https:\/\/www.magrittemuseum.be\/index.php\/fr\/musee-dart-abstrait\/","title":{"rendered":"Mus\u00e9e d&rsquo;Art Abstrait"},"content":{"rendered":"\n<div class=\"wp-block-media-text is-stacked-on-mobile\" style=\"grid-template-columns:24% auto\"><figure class=\"wp-block-media-text__media\"><img loading=\"lazy\" decoding=\"async\" width=\"697\" height=\"1024\" src=\"https:\/\/www.magrittemuseum.be\/wp-content\/uploads\/2018\/07\/DSC3659-697x1024.jpg\" alt=\"\" class=\"wp-image-354 size-full\" srcset=\"https:\/\/www.magrittemuseum.be\/wp-content\/uploads\/2018\/07\/DSC3659-697x1024.jpg 697w, https:\/\/www.magrittemuseum.be\/wp-content\/uploads\/2018\/07\/DSC3659-204x300.jpg 204w, https:\/\/www.magrittemuseum.be\/wp-content\/uploads\/2018\/07\/DSC3659-768x1128.jpg 768w, https:\/\/www.magrittemuseum.be\/wp-content\/uploads\/2018\/07\/DSC3659-1260x1850.jpg 1260w\" sizes=\"(max-width: 697px) 100vw, 697px\" \/><\/figure><div class=\"wp-block-media-text__content\">\n<p>Le Mus\u00e9e d\u2019Art Abstrait est le premier en Belgique et le quatri\u00e8me dans le monde. Il se situe juste \u00e0 c\u00f4t\u00e9 de l\u2019immeuble de rapport que Ren\u00e9 Magritte occupa \u00e0 Jette des ann\u00e9es durant. Les deux b\u00e2timents sont aujourd\u2019hui reli\u00e9s. Le mus\u00e9e abrite surtout de l\u2019art abstrait belge, une collection de plus de 750 \u0153uvres dont un tiers est expos\u00e9 de mani\u00e8re permanente. Le deuxi\u00e8me \u00e9tage pr\u00e9sente l\u2019avant-garde historique des ann\u00e9es 1920 avec, entre autres, comme figures majeures Servranckx, Vantongerloo, Jozef Peeters et Flouquet. Magritte peignait initialement dans ce style et il \u00e9tait proche de ces artistes. Le rez-de-chauss\u00e9e et le troisi\u00e8me \u00e9tage pr\u00e9sentent la deuxi\u00e8me g\u00e9n\u00e9ration d\u2019abstraits (des ann\u00e9es 50 jusqu\u2019aux ann\u00e9es 80 et apr\u00e8s), aussi bien g\u00e9om\u00e9trique que lyrique (Alechinsky, Pol Bury, Bertrand, Rets, Delahaut\u2026).<\/p>\n<\/div><\/div>\n\n\n\n<h2 class=\"wp-block-heading has-text-align-center\">Artistes pr\u00e9sents dans la collection :<\/h2>\n\n\n\n<h3 class=\"wp-block-heading\"><strong>Rez-de-chauss\u00e9e&nbsp;<\/strong><\/h3>\n\n\n\n<div class=\"wp-block-media-text is-stacked-on-mobile is-image-fill\" style=\"grid-template-columns:25% auto\"><figure class=\"wp-block-media-text__media\" style=\"background-image:url(https:\/\/www.magrittemuseum.be\/wp-content\/uploads\/2020\/02\/Vernissage-Maison-Magritte_22-1024x683.jpg);background-position:50% 50%\"><img loading=\"lazy\" decoding=\"async\" width=\"1024\" height=\"683\" src=\"https:\/\/www.magrittemuseum.be\/wp-content\/uploads\/2020\/02\/Vernissage-Maison-Magritte_22-1024x683.jpg\" alt=\"\" class=\"wp-image-1342 size-full\" srcset=\"https:\/\/www.magrittemuseum.be\/wp-content\/uploads\/2020\/02\/Vernissage-Maison-Magritte_22-1024x683.jpg 1024w, https:\/\/www.magrittemuseum.be\/wp-content\/uploads\/2020\/02\/Vernissage-Maison-Magritte_22-300x200.jpg 300w, https:\/\/www.magrittemuseum.be\/wp-content\/uploads\/2020\/02\/Vernissage-Maison-Magritte_22-768x513.jpg 768w, https:\/\/www.magrittemuseum.be\/wp-content\/uploads\/2020\/02\/Vernissage-Maison-Magritte_22-1260x841.jpg 1260w\" sizes=\"(max-width: 1024px) 100vw, 1024px\" \/><\/figure><div class=\"wp-block-media-text__content\">\n<p>Pierre Alechinsky, Gaston Bertrand, Bram Bogart, Anne Bonnet, Jan Burssens, Pol Bury, Georges Carrey, Gilbert Decock, Gaston De Mey, Jo Delahaut, Jan Dries, Jean Dubois, Roger Dudant, Serge Gangolf, Ren\u00e9 Guiette, Wout Hoeboer, Luc Hoenraet, Francine Holley, Ren\u00e9 Huin,&nbsp; Jean-Pierre Husquinet, Joseph Lacasse, Antonia Lambel\u00e9, Kurt Lewy, Jean Milo, Jacques Moeschal, Victor No\u00ebl, Joseph Ongenae, Cel Overberghe, Mig Quinet, Luc Peire, Renaat Ramon, Roger Raveel, Jean Rets, Jan Saverys, Michel Seuphor, Gustave Singier, Gilbert Swimberghe, Englebert Van Anderlecht, Camiel Van Breedam, Paul Van Hoeydonck, Louis Van Lint, Guillaume Vanden Borre, Guy Vandenbranden, Jef Verheyen, Ferdinand Vonck, L\u00e9on Wuidar, Fritz Wybaux.<\/p>\n<\/div><\/div>\n\n\n\n<h3 class=\"wp-block-heading has-text-align-right\"><strong>Deuxi\u00e8me \u00e9tage<\/strong><\/h3>\n\n\n\n<div class=\"wp-block-media-text has-media-on-the-right is-stacked-on-mobile is-image-fill\" style=\"grid-template-columns:auto 25%\"><div class=\"wp-block-media-text__content\">\n<p>Marcel-Louis Baugniet, Henri-Jean Closon, Jan Cockx, Felix De Boeck, Victor Delhez, Prosper De Troyer, Marthe Donas, Marc Eemans, Ernest Engel-Pak, Pierre-Louis Flouquet, Jean-Jacques Gailliard, Huib Hoste, Willu Kessels, Jan Kiemeneij, Joseph Lacasse, Marcel Lempereur-Haut, Jos L\u00e9onard, Karel Maes, Jozef Peeters, Jules Schmalzigaug, Victor Servranckx, Edmond Van Dooren, Georges Vantongerloo, Edmond Vandercammen, Hubert Wolfs.<\/p>\n<\/div><figure class=\"wp-block-media-text__media\" style=\"background-image:url(https:\/\/www.magrittemuseum.be\/wp-content\/uploads\/2023\/10\/Vernissage-Maison-Magritte_7-1024x683.jpg);background-position:61% 52%\"><img loading=\"lazy\" decoding=\"async\" width=\"1024\" height=\"683\" src=\"https:\/\/www.magrittemuseum.be\/wp-content\/uploads\/2023\/10\/Vernissage-Maison-Magritte_7-1024x683.jpg\" alt=\"\" class=\"wp-image-4290 size-full\" srcset=\"https:\/\/www.magrittemuseum.be\/wp-content\/uploads\/2023\/10\/Vernissage-Maison-Magritte_7-1024x683.jpg 1024w, https:\/\/www.magrittemuseum.be\/wp-content\/uploads\/2023\/10\/Vernissage-Maison-Magritte_7-300x200.jpg 300w, https:\/\/www.magrittemuseum.be\/wp-content\/uploads\/2023\/10\/Vernissage-Maison-Magritte_7-768x513.jpg 768w, https:\/\/www.magrittemuseum.be\/wp-content\/uploads\/2023\/10\/Vernissage-Maison-Magritte_7-1536x1025.jpg 1536w\" sizes=\"(max-width: 1024px) 100vw, 1024px\" \/><\/figure><\/div>\n\n\n\n<h3 class=\"wp-block-heading\"><strong>Troisi\u00e8me \u00e9tage<\/strong><\/h3>\n\n\n\n<div class=\"wp-block-media-text is-stacked-on-mobile is-image-fill\" style=\"grid-template-columns:25% auto\"><figure class=\"wp-block-media-text__media\" style=\"background-image:url(https:\/\/www.magrittemuseum.be\/wp-content\/uploads\/2023\/10\/Vernissage-Maison-Magritte_34-2-1024x683.jpg);background-position:54% 57%\"><img loading=\"lazy\" decoding=\"async\" width=\"1024\" height=\"683\" src=\"https:\/\/www.magrittemuseum.be\/wp-content\/uploads\/2023\/10\/Vernissage-Maison-Magritte_34-2-1024x683.jpg\" alt=\"\" class=\"wp-image-4279 size-full\" srcset=\"https:\/\/www.magrittemuseum.be\/wp-content\/uploads\/2023\/10\/Vernissage-Maison-Magritte_34-2-1024x683.jpg 1024w, https:\/\/www.magrittemuseum.be\/wp-content\/uploads\/2023\/10\/Vernissage-Maison-Magritte_34-2-300x200.jpg 300w, https:\/\/www.magrittemuseum.be\/wp-content\/uploads\/2023\/10\/Vernissage-Maison-Magritte_34-2-768x513.jpg 768w, https:\/\/www.magrittemuseum.be\/wp-content\/uploads\/2023\/10\/Vernissage-Maison-Magritte_34-2-1536x1025.jpg 1536w, https:\/\/www.magrittemuseum.be\/wp-content\/uploads\/2023\/10\/Vernissage-Maison-Magritte_34-2-2048x1367.jpg 2048w, https:\/\/www.magrittemuseum.be\/wp-content\/uploads\/2023\/10\/Vernissage-Maison-Magritte_34-2-1260x841.jpg 1260w\" sizes=\"(max-width: 1024px) 100vw, 1024px\" \/><\/figure><div class=\"wp-block-media-text__content\">\n<p>Pierre Alechinsky, Willy Anthoons, Marcel Arnould, Gaston Bertrand, Jan Burssens, Pol Bury, Genevi\u00e8ve Claisse, Georges Collignon, Ren\u00e9e Demeester, <a href=\"http:\/\/www.magrittemuseum.be\/wp-content\/uploads\/2021\/04\/dorchy-biographie.pdf\">Henry Dorchy<\/a>, Christian Dotremont, Jan Dries, Vic Gentils, Ray Gilles, Jack Goderis, Ren\u00e9 Guiette, Paul Ibou, Floris Jespers, Antonia Lambel\u00e9, Walter Leblanc, Kurt Lewy, Pol Mara, Antoon Marstboom, Marc Mendelson, Henri Michaux, Victor No\u00ebl, L\u00e9opold Plomteux, Jean Rets, Jan Saverys, Gustave Singier, Englebert Van Anderlecht, Louis Van Lint, Hilde Van Sumere, Guy Vandenbranden, Mark Verstockt, Maurice Wyckaert.<\/p>\n<\/div><\/div>\n\n\n\n<h3 class=\"wp-block-heading has-text-align-right\"><strong>Expos\u00e9s en alternance<\/strong><\/h3>\n\n\n\n<p>Raymond Art, Andr\u00e9 Beullens, Maurits Bilcke, Maurice Boel, Elie Borgrave, John Cluysenaar, Amedee Cortier, Carlo De Roover, Robert Dewinne, Berthe Dubail, Marcel Dumont, Paul Franck, Wybrand Ganzevoort, Roger Greisch, Marthe Guillain, Hauror, Henri Heerbrant, Willy Helleweegen, Hugo Heyrman, Richard Kayler, Henri Kerels, Jean-Paul Laenen, Remo Martini, Jean-Pierre Maury, Louis Moyano, Rudolf Meerbergen, Dordevic Miodrag, Bill Orix, Henri Prosi, Wilfried Seghers, Silvin (Bronkart), Joska Soos, Fernand St\u00e9ven, Marcel Verdren, Walter Vanermen, No\u00ebl Vermeulen, Jacques Weyer, Fritz Wybaux.<\/p>\n","protected":false},"excerpt":{"rendered":"<p>Le Mus\u00e9e d\u2019Art Abstrait est le premier en Belgique et le quatri\u00e8me dans le monde. Il se situe juste \u00e0 c\u00f4t\u00e9 de l\u2019immeuble de rapport que Ren\u00e9 Magritte occupa \u00e0 Jette des ann\u00e9es durant. Les deux b\u00e2timents sont aujourd\u2019hui reli\u00e9s. Le mus\u00e9e abrite surtout de l\u2019art abstrait belge, une collection de plus de 750 \u0153uvres &#8230; <a title=\"Mus\u00e9e d&rsquo;Art Abstrait\" class=\"read-more\" href=\"https:\/\/www.magrittemuseum.be\/index.php\/fr\/musee-dart-abstrait\/\" aria-label=\"En savoir plus sur Mus\u00e9e d&rsquo;Art Abstrait\">Lire la suite<\/a><\/p>\n","protected":false},"author":1,"featured_media":0,"parent":0,"menu_order":1,"comment_status":"closed","ping_status":"closed","template":"","meta":{"footnotes":""},"_links":{"self":[{"href":"https:\/\/www.magrittemuseum.be\/index.php\/wp-json\/wp\/v2\/pages\/224"}],"collection":[{"href":"https:\/\/www.magrittemuseum.be\/index.php\/wp-json\/wp\/v2\/pages"}],"about":[{"href":"https:\/\/www.magrittemuseum.be\/index.php\/wp-json\/wp\/v2\/types\/page"}],"author":[{"embeddable":true,"href":"https:\/\/www.magrittemuseum.be\/index.php\/wp-json\/wp\/v2\/users\/1"}],"replies":[{"embeddable":true,"href":"https:\/\/www.magrittemuseum.be\/index.php\/wp-json\/wp\/v2\/comments?post=224"}],"version-history":[{"count":26,"href":"https:\/\/www.magrittemuseum.be\/index.php\/wp-json\/wp\/v2\/pages\/224\/revisions"}],"predecessor-version":[{"id":6098,"href":"https:\/\/www.magrittemuseum.be\/index.php\/wp-json\/wp\/v2\/pages\/224\/revisions\/6098"}],"wp:attachment":[{"href":"https:\/\/www.magrittemuseum.be\/index.php\/wp-json\/wp\/v2\/media?parent=224"}],"curies":[{"name":"wp","href":"https:\/\/api.w.org\/{rel}","templated":true}]}}