{"id":234,"date":"2018-07-04T16:57:05","date_gmt":"2018-07-04T14:57:05","guid":{"rendered":"http:\/\/magrittel.cluster014.ovh.net\/magrittemuseum.be\/?page_id=234"},"modified":"2025-08-09T14:02:07","modified_gmt":"2025-08-09T12:02:07","slug":"museum-of-abstract-art","status":"publish","type":"page","link":"https:\/\/www.magrittemuseum.be\/index.php\/en\/museum-of-abstract-art\/","title":{"rendered":"Abstract Art Museum"},"content":{"rendered":"\n<div class=\"wp-block-media-text is-stacked-on-mobile\" style=\"grid-template-columns:25% auto\"><figure class=\"wp-block-media-text__media\"><img loading=\"lazy\" decoding=\"async\" width=\"697\" height=\"1024\" src=\"https:\/\/www.magrittemuseum.be\/wp-content\/uploads\/2018\/07\/DSC3659-1-697x1024.jpg\" alt=\"\" class=\"wp-image-356 size-full\" srcset=\"https:\/\/www.magrittemuseum.be\/wp-content\/uploads\/2018\/07\/DSC3659-1-697x1024.jpg 697w, https:\/\/www.magrittemuseum.be\/wp-content\/uploads\/2018\/07\/DSC3659-1-204x300.jpg 204w, https:\/\/www.magrittemuseum.be\/wp-content\/uploads\/2018\/07\/DSC3659-1-768x1128.jpg 768w, https:\/\/www.magrittemuseum.be\/wp-content\/uploads\/2018\/07\/DSC3659-1-1260x1850.jpg 1260w\" sizes=\"(max-width: 697px) 100vw, 697px\" \/><\/figure><div class=\"wp-block-media-text__content\">\n<p>The Abstract Art Museum is the first one in Belgium and the fourth in the world. It is located right next to the house in Jette where Ren\u00e9 Magritte lived for many years. Nowadays, both buildings are connected with each other. The museum shows mainly Belgian abstract art. The collection consists of more than 750 works, a third of which will be shown permanently. The second floor contains the historical avant-garde from the 1920s, with important names such as Servranckx, Vantongerloo, Peeters or Flouquet. In the beginning Magritte also painted in this style and counted many abstract artists among his friends. The ground floor and the third floor showcase the second generation of abstract artists (from the 1950s to the 1980s and further), including geometric and lyrical abstract artists (such as Alechinsky, Pol Bury, Bertrand, Rets, Delahaut).<\/p>\n<\/div><\/div>\n\n\n\n<h2 class=\"wp-block-heading has-text-align-center\">Artists in the collection :<\/h2>\n\n\n\n<h3 class=\"wp-block-heading\"><strong>Ground floor\u00a0<\/strong><\/h3>\n\n\n\n<div class=\"wp-block-media-text is-stacked-on-mobile is-image-fill\" style=\"grid-template-columns:25% auto\"><figure class=\"wp-block-media-text__media\" style=\"background-image:url(https:\/\/www.magrittemuseum.be\/wp-content\/uploads\/2020\/02\/Vernissage-Maison-Magritte_22-2-1024x683.jpg);background-position:50% 50%\"><img loading=\"lazy\" decoding=\"async\" width=\"1024\" height=\"683\" src=\"https:\/\/www.magrittemuseum.be\/wp-content\/uploads\/2020\/02\/Vernissage-Maison-Magritte_22-2-1024x683.jpg\" alt=\"\" class=\"wp-image-1349 size-full\" srcset=\"https:\/\/www.magrittemuseum.be\/wp-content\/uploads\/2020\/02\/Vernissage-Maison-Magritte_22-2-1024x683.jpg 1024w, https:\/\/www.magrittemuseum.be\/wp-content\/uploads\/2020\/02\/Vernissage-Maison-Magritte_22-2-300x200.jpg 300w, https:\/\/www.magrittemuseum.be\/wp-content\/uploads\/2020\/02\/Vernissage-Maison-Magritte_22-2-768x513.jpg 768w, https:\/\/www.magrittemuseum.be\/wp-content\/uploads\/2020\/02\/Vernissage-Maison-Magritte_22-2-1260x841.jpg 1260w\" sizes=\"(max-width: 1024px) 100vw, 1024px\" \/><\/figure><div class=\"wp-block-media-text__content\">\n<p>Alechinsky Pierre, Bertrand Gaston, Bogart Bram, Bonnet Anne, Burssens Jan, Bury Pol , Carrey Georges, Decock Gilbert , De Mey Gaston , Delahaut Jo, Dries Jan, Dubois Jean Dudant Roger, Gangolf Serge, Guiette Ren\u00e9, Hoeboer Wout, Hoenraet Luc, Holley Francine, Huin Ren\u00e9, Husquinet Jean-Pierre, Lacasse Joseph, Lambel\u00e9 Antonia, Lewy Kurt, Milo Jean, Moeschal Jacques, No\u00ebl Victor, Ongenae Joseph, Overberghe Cel, Quinet Mig, Peire Luc, Ramon Renaat, Raveel Roger, Rets Jean, Saverys Jan, Seuphor Michel, Singier Gustave, Swimberghe Gilbert, Van Anderlecht Englebert, Van Breedam Camiel, Van Hoeydonck Paul, Van Lint Louis, Vanden Borre Guillaume, Vandenbranden Guy, Verheyen Jef, Vonck Ferdinand, Wuidar L\u00e9on, Wybaux Fritz.<\/p>\n<\/div><\/div>\n\n\n\n<h3 class=\"wp-block-heading has-text-align-right\"><strong>Second floor<\/strong><\/h3>\n\n\n\n<div class=\"wp-block-media-text has-media-on-the-right is-stacked-on-mobile is-image-fill\" style=\"grid-template-columns:auto 25%\"><div class=\"wp-block-media-text__content\">\n<p>Baugniet Marcel-Louis, Closon Henri-Jean, Cockx Jan, De Boeck Felix, Delhez Victor, De Troyer Prosper, Donas Marthe, Eemans Marc, Engel-Pak Ernest, Flouquet Pierre-Louis , Gailliard Jean-Jacques, Hoste Huib, Kessels Willu, Kiemeneij Jan, Lacasse Joseph, Lempereur-Haut Marcel, L\u00e9onard Jos, Maes Karel, Peeters Jozef, Schmalzigaug Jules ,Servranckx Victor, Van Dooren Edmond, Vantongerloo Georges, Vandercammen,Edmond Wolfs Hubert<\/p>\n<\/div><figure class=\"wp-block-media-text__media\" style=\"background-image:url(https:\/\/www.magrittemuseum.be\/wp-content\/uploads\/2020\/02\/Vernissage-Maison-Magritte_7-2-1024x683.jpg);background-position:54% 66%\"><img loading=\"lazy\" decoding=\"async\" width=\"1024\" height=\"683\" src=\"https:\/\/www.magrittemuseum.be\/wp-content\/uploads\/2020\/02\/Vernissage-Maison-Magritte_7-2-1024x683.jpg\" alt=\"\" class=\"wp-image-1348 size-full\" srcset=\"https:\/\/www.magrittemuseum.be\/wp-content\/uploads\/2020\/02\/Vernissage-Maison-Magritte_7-2-1024x683.jpg 1024w, https:\/\/www.magrittemuseum.be\/wp-content\/uploads\/2020\/02\/Vernissage-Maison-Magritte_7-2-300x200.jpg 300w, https:\/\/www.magrittemuseum.be\/wp-content\/uploads\/2020\/02\/Vernissage-Maison-Magritte_7-2-768x513.jpg 768w, https:\/\/www.magrittemuseum.be\/wp-content\/uploads\/2020\/02\/Vernissage-Maison-Magritte_7-2-1260x841.jpg 1260w\" sizes=\"(max-width: 1024px) 100vw, 1024px\" \/><\/figure><\/div>\n\n\n\n<h3 class=\"wp-block-heading\"><strong>Third Floor<\/strong><\/h3>\n\n\n\n<div class=\"wp-block-media-text is-stacked-on-mobile is-image-fill\" style=\"grid-template-columns:25% auto\"><figure class=\"wp-block-media-text__media\" style=\"background-image:url(https:\/\/www.magrittemuseum.be\/wp-content\/uploads\/2025\/08\/Vernissage-Maison-Magritte_34-1024x683.jpg);background-position:42% 54%\"><img loading=\"lazy\" decoding=\"async\" width=\"1024\" height=\"683\" src=\"https:\/\/www.magrittemuseum.be\/wp-content\/uploads\/2025\/08\/Vernissage-Maison-Magritte_34-1024x683.jpg\" alt=\"_\" class=\"wp-image-6095 size-full\" srcset=\"https:\/\/www.magrittemuseum.be\/wp-content\/uploads\/2025\/08\/Vernissage-Maison-Magritte_34-1024x683.jpg 1024w, https:\/\/www.magrittemuseum.be\/wp-content\/uploads\/2025\/08\/Vernissage-Maison-Magritte_34-300x200.jpg 300w, https:\/\/www.magrittemuseum.be\/wp-content\/uploads\/2025\/08\/Vernissage-Maison-Magritte_34-768x513.jpg 768w, https:\/\/www.magrittemuseum.be\/wp-content\/uploads\/2025\/08\/Vernissage-Maison-Magritte_34-1536x1025.jpg 1536w\" sizes=\"(max-width: 1024px) 100vw, 1024px\" \/><\/figure><div class=\"wp-block-media-text__content\">\n<p>Alechinsky Pierre, Bertrand Gaston, Bogart Bram, Bonnet Anne, Burssens Jan, Bury Pol , Carrey Georges, Decock Gilbert , De Mey Gaston , Delahaut Jo, Dries Jan, Dubois Jean Dudant Roger, Gangolf Serge, Guiette Ren\u00e9, Hoeboer Wout, Hoenraet Luc, Holley Francine, Huin Ren\u00e9, Husquinet Jean-Pierre, Lacasse Joseph, Lambel\u00e9 Antonia, Lewy Kurt, Milo Jean, Moeschal Jacques, No\u00ebl Victor, Ongenae Joseph, Overberghe Cel, Quinet Mig, Peire Luc, Ramon Renaat, Raveel Roger, Rets Jean, Saverys Jan, Seuphor Michel, Singier Gustave, Swimberghe Gilbert, Van Anderlecht Englebert, Van Breedam Camiel, Van Hoeydonck Paul, Van Lint Louis, Vanden Borre Guillaume, Vandenbranden Guy, Verheyen Jef, Vonck Ferdinand, Wuidar L\u00e9on, Wybaux Fritz.<\/p>\n<\/div><\/div>\n\n\n\n<h3 class=\"wp-block-heading has-text-align-right\"><strong>Exhibited aternately<\/strong><\/h3>\n\n\n\n<p>Art Raymond,\u00a0Beullens Andr\u00e9,\u00a0Bilcke Maurits,\u00a0Boel Maurice,\u00a0Borgrave Elie, Cluysenaar John, Cortier Amedee, De Roover Carlo, Dewinne Robert, Dubail Berthe, Dumont Marcel, Franck Paul, Ganzevoort Wybrand, Greisch Roger, Guillain Marthe, Hauror, Heerbrant Henri, Helleweegen Willy, Heyrman Hugo, Kayler Richard, Kerels Henri, Laenen Jean-Paul, Martini Remo, Maury Jean-Pierre, Moyano Louis, Meerbergen Rudolf, Miodrag Dordevic, Orix Bill, Prosi Henri, Seghers Wilfried, Silvin (Bronkart), Soos Joska, St\u00e9ven Fernand, Verdren Marcel, Vanermen Walter, Vermeulen No\u00ebl, Weyer Jacques, Wybaux Fritz<\/p>\n","protected":false},"excerpt":{"rendered":"<p>The Abstract Art Museum is the first one in Belgium and the fourth in the world. It is located right next to the house in Jette where Ren\u00e9 Magritte lived for many years. Nowadays, both buildings are connected with each other. The museum shows mainly Belgian abstract art. The collection consists of more than 750 &#8230; <a title=\"Abstract Art Museum\" class=\"read-more\" href=\"https:\/\/www.magrittemuseum.be\/index.php\/en\/museum-of-abstract-art\/\" aria-label=\"En savoir plus sur Abstract Art Museum\">Lire la suite<\/a><\/p>\n","protected":false},"author":1,"featured_media":0,"parent":0,"menu_order":3,"comment_status":"closed","ping_status":"closed","template":"","meta":{"footnotes":""},"_links":{"self":[{"href":"https:\/\/www.magrittemuseum.be\/index.php\/wp-json\/wp\/v2\/pages\/234"}],"collection":[{"href":"https:\/\/www.magrittemuseum.be\/index.php\/wp-json\/wp\/v2\/pages"}],"about":[{"href":"https:\/\/www.magrittemuseum.be\/index.php\/wp-json\/wp\/v2\/types\/page"}],"author":[{"embeddable":true,"href":"https:\/\/www.magrittemuseum.be\/index.php\/wp-json\/wp\/v2\/users\/1"}],"replies":[{"embeddable":true,"href":"https:\/\/www.magrittemuseum.be\/index.php\/wp-json\/wp\/v2\/comments?post=234"}],"version-history":[{"count":23,"href":"https:\/\/www.magrittemuseum.be\/index.php\/wp-json\/wp\/v2\/pages\/234\/revisions"}],"predecessor-version":[{"id":6097,"href":"https:\/\/www.magrittemuseum.be\/index.php\/wp-json\/wp\/v2\/pages\/234\/revisions\/6097"}],"wp:attachment":[{"href":"https:\/\/www.magrittemuseum.be\/index.php\/wp-json\/wp\/v2\/media?parent=234"}],"curies":[{"name":"wp","href":"https:\/\/api.w.org\/{rel}","templated":true}]}}