{"id":324,"date":"2018-07-05T12:45:03","date_gmt":"2018-07-05T10:45:03","guid":{"rendered":"http:\/\/magrittel.cluster014.ovh.net\/magrittemuseum.be\/?page_id=324"},"modified":"2025-08-06T16:41:43","modified_gmt":"2025-08-06T14:41:43","slug":"publicatie-onderzoek","status":"publish","type":"page","link":"https:\/\/www.magrittemuseum.be\/index.php\/nl\/bezoek\/publicatie-onderzoek\/","title":{"rendered":"Publicatie &#038; onderzoek"},"content":{"rendered":"\n<p>Naast de organisatie van tentoonstellingen en publiekgerichte activiteiten, publiceert het museumteam geregeld werken gewijd aan kunstenaars uit haar collectie. Mensen met interesse voor moderne kunst en abstractie in het bijzonder mogen ons <a href=\"mailto:info@magrittemuseum.be\">contacteren<\/a> voor een eventuele samenwerking.<\/p>\n\n\n\n<h2 class=\"wp-block-heading\"><em>Ren\u00e9e Demeester. Paysages abstraits \u2013 Abstracte landschappen<\/em><\/h2>\n\n\n\n<div class=\"wp-block-media-text is-stacked-on-mobile\" style=\"grid-template-columns:35% auto\"><figure class=\"wp-block-media-text__media\"><img loading=\"lazy\" decoding=\"async\" width=\"918\" height=\"1024\" src=\"https:\/\/www.magrittemuseum.be\/wp-content\/uploads\/2022\/11\/Persdossier-NL-Expo-Demeester-1-918x1024.jpg\" alt=\"\" class=\"wp-image-3903 size-full\" srcset=\"https:\/\/www.magrittemuseum.be\/wp-content\/uploads\/2022\/11\/Persdossier-NL-Expo-Demeester-1-918x1024.jpg 918w, https:\/\/www.magrittemuseum.be\/wp-content\/uploads\/2022\/11\/Persdossier-NL-Expo-Demeester-1-269x300.jpg 269w, https:\/\/www.magrittemuseum.be\/wp-content\/uploads\/2022\/11\/Persdossier-NL-Expo-Demeester-1-768x857.jpg 768w, https:\/\/www.magrittemuseum.be\/wp-content\/uploads\/2022\/11\/Persdossier-NL-Expo-Demeester-1.jpg 963w\" sizes=\"(max-width: 918px) 100vw, 918px\" \/><\/figure><div class=\"wp-block-media-text__content\">\n<p>Andr\u00e9 Garitte, Chlo\u00e9 Thibault, Stefan Wouters. 184p., 80 kleurenreproducties. uitg. Ren\u00e9 Magritte Museum\/Pandora, 2022.<\/p>\n\n\n\n<p><strong>Samenvatting:<\/strong>&nbsp;Het boek zoomt in op het werk en leven van de Belgische kunstenares Ren\u00e9e Demeester. Aan de hand van ongepubliceerde teksten en foto\u2019s, en in samenwerking met haar familie, brengt het onderzoeksteam van het museum hulde aan een leven dat volledig gewijd was aan kunst. De monografie is rijkelijk ge\u00efllustreerd met schilderijen en tekeningen.<\/p>\n<\/div><\/div>\n\n\n\n<p><\/p>\n\n\n\n<h2 class=\"wp-block-heading\"><em>Abstracte veelzijdigheid<\/em><\/h2>\n\n\n\n<div class=\"wp-block-media-text is-stacked-on-mobile is-vertically-aligned-center has-base-2-background-color has-background\" style=\"grid-template-columns:35% auto\"><figure class=\"wp-block-media-text__media\"><img loading=\"lazy\" decoding=\"async\" width=\"722\" height=\"1024\" src=\"https:\/\/www.magrittemuseum.be\/wp-content\/uploads\/2020\/07\/CCF010720-1-722x1024.jpg\" alt=\"\" class=\"wp-image-1538 size-full\" srcset=\"https:\/\/www.magrittemuseum.be\/wp-content\/uploads\/2020\/07\/CCF010720-1-722x1024.jpg 722w, https:\/\/www.magrittemuseum.be\/wp-content\/uploads\/2020\/07\/CCF010720-1-211x300.jpg 211w, https:\/\/www.magrittemuseum.be\/wp-content\/uploads\/2020\/07\/CCF010720-1-768x1089.jpg 768w, https:\/\/www.magrittemuseum.be\/wp-content\/uploads\/2020\/07\/CCF010720-1-1260x1787.jpg 1260w, https:\/\/www.magrittemuseum.be\/wp-content\/uploads\/2020\/07\/CCF010720-1.jpg 1637w\" sizes=\"(max-width: 722px) 100vw, 722px\" \/><\/figure><div class=\"wp-block-media-text__content\">\n<p>Andr\u00e9 Garitte, 191 p., uitg. Ren\u00e9 Magritte Museum\/Pandora, 2019<\/p>\n\n\n\n<p><strong>Samenvatting:<\/strong>&nbsp;In november 2019 opent in Jette-Brussel het Museum voor Abstracte Kunst. Het eerste in Belgi\u00eb en het vierde in de wereld. Pal naast en verbonden met het Ren\u00e9 Magritte Museum. Dat publiceerde in 2010 reeds Een eeuw abstracte kunst, een overzicht van de 100 belangrijkste, Belgische abstracten. De catalogus voor het gloednieuwe museum heeft onvermijdelijk een andere insteek. Wie de abstractie ontdekt stapt in een wereld waaruit hij wellicht nooit meer terugkeert. Vrij snel merk je dat er geometrische en lyrische nonfiguratieven zijn. Dat er een eerste generatie was in de jaren tien-twintig van de vorige eeuw en een tweede na WO II. Dat er abstracte beeldhouwers zijn maar ook kinetische of optische kunstenaars. Maar wie zich verder verdiept in deze avantgardekunst ontdekt dat er nog veel meer stijlen, tendensen en verwantschappen zijn. Dat gaat van zowel verbanden met het surrealisme (interessant voor ons dubbelmuseum) als met muziek, van geometrische landschappen tot abstractie in de publieke ruimte, van zwart-witwerken tot kleurenexplosies, van abstracte relatiepartners tot meditatief en soms zelfs mysterieus werk. In totaal vonden wij 62 categorie\u00ebn, maar er zijn er waarschijnlijk nog enkele meer. Telkens met twee of meer overtuigende voorbeelden, die zich allemaal in de collectie van het nieuwe museum bevinden. Uiteindelijk wil dit boek opnieuw de enorme rijkdom en veelzijdigheid van de abstracte kunst aantonen, een stroming die nog altijd stevig onderschat is maar na een eeuw bewijst hoe levendig en overrompelend ze blijft.<\/p>\n<\/div><\/div>\n\n\n\n<p><\/p>\n\n\n\n<h2 class=\"wp-block-heading\"><em>Magritte Code<\/em><\/h2>\n\n\n\n<div class=\"wp-block-media-text is-stacked-on-mobile\" style=\"grid-template-columns:35% auto\"><figure class=\"wp-block-media-text__media\"><img loading=\"lazy\" decoding=\"async\" width=\"726\" height=\"1024\" src=\"https:\/\/www.magrittemuseum.be\/wp-content\/uploads\/2018\/07\/covercodemagritte-726x1024.jpg\" alt=\"\" class=\"wp-image-434 size-full\" srcset=\"https:\/\/www.magrittemuseum.be\/wp-content\/uploads\/2018\/07\/covercodemagritte-726x1024.jpg 726w, https:\/\/www.magrittemuseum.be\/wp-content\/uploads\/2018\/07\/covercodemagritte-213x300.jpg 213w, https:\/\/www.magrittemuseum.be\/wp-content\/uploads\/2018\/07\/covercodemagritte-768x1083.jpg 768w, https:\/\/www.magrittemuseum.be\/wp-content\/uploads\/2018\/07\/covercodemagritte.jpg 1172w\" sizes=\"(max-width: 726px) 100vw, 726px\" \/><\/figure><div class=\"wp-block-media-text__content\">\n<p>Andr\u00e9 Garitte, 71 p., uitg. Ren\u00e9 Magritte Museum\/Pandora<\/p>\n\n\n\n<p><strong>Samenvatting:<\/strong>&nbsp;Het hele oeuvre van Magritte (1898-1967) proberen te klasseren en in te delen was de uitdaging van dit onderzoek. Dit gebeurde op basis van de originale idee\u00ebn o vondsten die de schilder bedacht heeft. In totall leidde het tot 103 categorie\u00ebn, wat wil zeggen volwaardige thema\u2019s die&nbsp;op zichzelf kunnen staan en minstens vijf voorbelden tellen.<\/p>\n<\/div><\/div>\n\n\n\n<p><\/p>\n\n\n\n<h2 class=\"wp-block-heading\"><em>Herontdekking van het surrealisme<\/em><\/h2>\n\n\n\n<div class=\"wp-block-media-text is-stacked-on-mobile has-base-2-background-color has-background\" style=\"grid-template-columns:35% auto\"><figure class=\"wp-block-media-text__media\"><img loading=\"lazy\" decoding=\"async\" width=\"173\" height=\"248\" src=\"https:\/\/www.magrittemuseum.be\/wp-content\/uploads\/2018\/07\/publications_012.png\" alt=\"\" class=\"wp-image-436 size-full\"\/><\/figure><div class=\"wp-block-media-text__content\">\n<p>Andr\u00e9 Garitte, 160 p., uitg. Ren\u00e9 Magritte Museum\/Pandora<\/p>\n\n\n\n<p><strong>Samenvatting:<\/strong>&nbsp;De catalogus presenteert de collectie surrealisme van het Ren\u00e9 Magritte Museum, met meer dan honderd kunstwerken van de Belgische surrealisten en hun geestverwanten. Een essentieel onderdeel van de publicatie is gewijd aan het innovatieve project van het museum&nbsp;<em>De verdwenen Magrittes<\/em>.&nbsp;Deze schilderijen, gouaches en objecten worden voor het eerst \u2018in volle glorie\u2019 afgebeeld.<\/p>\n<\/div><\/div>\n\n\n\n<p><\/p>\n\n\n\n<h2 class=\"wp-block-heading\"><em>Edmond van Dooren<\/em> : <em>Dromen van een toekomstwereld<\/em><\/h2>\n\n\n\n<div class=\"wp-block-media-text is-stacked-on-mobile\" style=\"grid-template-columns:35% auto\"><figure class=\"wp-block-media-text__media\"><img loading=\"lazy\" decoding=\"async\" width=\"173\" height=\"250\" src=\"https:\/\/www.magrittemuseum.be\/wp-content\/uploads\/2018\/07\/publications_011.png\" alt=\"\" class=\"wp-image-438 size-full\"\/><\/figure><div class=\"wp-block-media-text__content\">\n<p>Andr\u00e9 Garitte, 64 p., 2008.<\/p>\n\n\n\n<p><strong>Samenvatting:&nbsp;<\/strong>Er zijn weinig kunstenaars die zowel de toekomst schilderden als het verleden, zowel abstract als impressionistisch of zelfs pointillistisch, zowel architecturale composities als klassieke landschappen, zowel werelden bevolkt met machines als ouderwetse stadsgezichten. Vrijwel de enige die dat allemaal deed was Edmond van Dooren (1896-1965). Een deel van die werken is subliem, een deel is achterhaald. Alleen de eerste komen in dit boek aan bod. Geslaagde werken van Van Dooren houden steeds de aandacht vast: ze zijn geweldig sterk gecomponeerd. Wat de kunstwereld meer dan veertig jaar na zijn dood nog niet beseft heeft: dit oeuvre is echt apart en werd door niemand in zijn genre ge\u00ebvenaard.<\/p>\n<\/div><\/div>\n\n\n\n<p><\/p>\n\n\n\n<h2 class=\"wp-block-heading\"><em>Ren\u00e9 Magritte Museum (1999-2009): 10 jaar<\/em><\/h2>\n\n\n\n<div class=\"wp-block-media-text is-stacked-on-mobile has-base-2-background-color has-background\" style=\"grid-template-columns:35% auto\"><figure class=\"wp-block-media-text__media\"><img loading=\"lazy\" decoding=\"async\" width=\"713\" height=\"1024\" src=\"https:\/\/www.magrittemuseum.be\/wp-content\/uploads\/2018\/07\/couverture10ans-1-713x1024.jpg\" alt=\"\" class=\"wp-image-440 size-full\" srcset=\"https:\/\/www.magrittemuseum.be\/wp-content\/uploads\/2018\/07\/couverture10ans-1-713x1024.jpg 713w, https:\/\/www.magrittemuseum.be\/wp-content\/uploads\/2018\/07\/couverture10ans-1-209x300.jpg 209w, https:\/\/www.magrittemuseum.be\/wp-content\/uploads\/2018\/07\/couverture10ans-1-768x1102.jpg 768w, https:\/\/www.magrittemuseum.be\/wp-content\/uploads\/2018\/07\/couverture10ans-1.jpg 864w\" sizes=\"(max-width: 713px) 100vw, 713px\" \/><\/figure><div class=\"wp-block-media-text__content\">\n<p>Andr\u00e9 Garitte, 64 kleurpagina\u2019s, 2009.<\/p>\n\n\n\n<p><strong>Samenvatting:<\/strong>&nbsp;Tien jaar Ren\u00e9 Magritte Museum is een scharniermoment. Deze catalogus toont ons het verleden, het heden en de toekomst van het museum. Het verleden zoals Magritte 24 jaar in zijn huis gewoond heeft en wat hij ervan gemaakt heeft (1930-1954). Het heden zoals het museum in tien jaar ge\u00ebvolueerd is (1999-2009). En de toekomst zoals het project in de volgende jaren wil uitbreiden en verdubbelen.<\/p>\n<\/div><\/div>\n\n\n\n<p><\/p>\n\n\n\n<h2 class=\"wp-block-heading\"><em>Een eeuw abstracte kunst<\/em><\/h2>\n\n\n\n<div class=\"wp-block-media-text is-stacked-on-mobile\" style=\"grid-template-columns:35% auto\"><figure class=\"wp-block-media-text__media\"><img loading=\"lazy\" decoding=\"async\" width=\"850\" height=\"1024\" src=\"https:\/\/www.magrittemuseum.be\/wp-content\/uploads\/2018\/07\/couverture100abstraits-1-850x1024.jpg\" alt=\"\" class=\"wp-image-441 size-full\" srcset=\"https:\/\/www.magrittemuseum.be\/wp-content\/uploads\/2018\/07\/couverture100abstraits-1-850x1024.jpg 850w, https:\/\/www.magrittemuseum.be\/wp-content\/uploads\/2018\/07\/couverture100abstraits-1-249x300.jpg 249w, https:\/\/www.magrittemuseum.be\/wp-content\/uploads\/2018\/07\/couverture100abstraits-1-768x926.jpg 768w, https:\/\/www.magrittemuseum.be\/wp-content\/uploads\/2018\/07\/couverture100abstraits-1.jpg 926w\" sizes=\"(max-width: 850px) 100vw, 850px\" \/><\/figure><div class=\"wp-block-media-text__content\">\n<p>Andr\u00e9 Garitte, 336 kleurenpagina\u2019s, 2010.<\/p>\n\n\n\n<p><strong>Samenvatting:&nbsp;<\/strong>Deze catalogus, die in september 2010 verschenen is, biedt een overzicht van de beste werken uit de abstracte collectie van het Ren\u00e9 Magritte Museum en de Garitte Foundation. 100 kunstenaars worden vertegenwoordigd met \u00e9\u00e9n of meerdere werken, afhankelijk van hun niveau en het aantal belangrijke werken in de collectie. Hoofddoelen zijn het bieden van een volledig beeld van de abstracte beweging in Belgi\u00eb en het voorstellen van de collectie van de Garitte Foundation. Deze collectie zal in de toekomstige uitbreiding van het Ren\u00e9 Magritte Museum te zien zijn.<\/p>\n\n\n\n<p>\u00ab Een eeuw abstracte kunst \u2013 100 Belgische abstracten \u00bb is een uitgave van het Ren\u00e9 Magritte Museum en Pandora.<\/p>\n<\/div><\/div>\n\n\n\n<p><\/p>\n\n\n\n<hr class=\"wp-block-separator has-alpha-channel-opacity\"\/>\n\n\n\n<h1 class=\"wp-block-heading\">Andere publicaties<\/h1>\n\n\n\n<h2 class=\"wp-block-heading\"><em>Kernfilosofie<\/em><\/h2>\n\n\n\n<div class=\"wp-block-media-text is-stacked-on-mobile has-base-2-background-color has-background\" style=\"grid-template-columns:35% auto\"><figure class=\"wp-block-media-text__media\"><img loading=\"lazy\" decoding=\"async\" width=\"714\" height=\"1024\" src=\"https:\/\/www.magrittemuseum.be\/wp-content\/uploads\/2018\/07\/kernfilo-714x1024.jpg\" alt=\"\" class=\"wp-image-432 size-full\" srcset=\"https:\/\/www.magrittemuseum.be\/wp-content\/uploads\/2018\/07\/kernfilo-714x1024.jpg 714w, https:\/\/www.magrittemuseum.be\/wp-content\/uploads\/2018\/07\/kernfilo-209x300.jpg 209w, https:\/\/www.magrittemuseum.be\/wp-content\/uploads\/2018\/07\/kernfilo-768x1101.jpg 768w, https:\/\/www.magrittemuseum.be\/wp-content\/uploads\/2018\/07\/kernfilo.jpg 1116w\" sizes=\"(max-width: 714px) 100vw, 714px\" \/><\/figure><div class=\"wp-block-media-text__content\">\n<p>Andre Garitte, 309 p., 2013.<\/p>\n\n\n\n<p><strong>Samenvatting:&nbsp;<\/strong>Dit boek bevat een selectie van de meest existenti\u00eble en helderste citaten die de schrijver in veertig jaar lectuur wist te verzamelen, naast evenveel eigen idee\u00ebn. Elk deel telt 450 aforismen en biedt een ontleding van de grote vraagstukken rond leven, dood, relaties, geluk, toekomst, \u2026 Tweetalig NL\/FR.<\/p>\n<\/div><\/div>\n\n\n\n<p><\/p>\n\n\n\n<h2 class=\"wp-block-heading\"><em>Homo Totus<\/em><\/h2>\n\n\n\n<div class=\"wp-block-media-text is-stacked-on-mobile\" style=\"grid-template-columns:35% auto\"><figure class=\"wp-block-media-text__media\"><img loading=\"lazy\" decoding=\"async\" width=\"727\" height=\"1024\" src=\"https:\/\/www.magrittemuseum.be\/wp-content\/uploads\/2018\/07\/CCF060718-727x1024.jpg\" alt=\"\" class=\"wp-image-430 size-full\" srcset=\"https:\/\/www.magrittemuseum.be\/wp-content\/uploads\/2018\/07\/CCF060718-727x1024.jpg 727w, https:\/\/www.magrittemuseum.be\/wp-content\/uploads\/2018\/07\/CCF060718-213x300.jpg 213w, https:\/\/www.magrittemuseum.be\/wp-content\/uploads\/2018\/07\/CCF060718-768x1082.jpg 768w, https:\/\/www.magrittemuseum.be\/wp-content\/uploads\/2018\/07\/CCF060718.jpg 1156w\" sizes=\"(max-width: 727px) 100vw, 727px\" \/><\/figure><div class=\"wp-block-media-text__content\">\n<p>Andr\u00e9 Garitte, 140 p., 2003.<\/p>\n\n\n\n<p><strong>Samenvatting:&nbsp;<\/strong>De vooruitgang die steeds sneller gaat zal zich binnenkort niet zozeer op de buitenwereld maar veel meer op de mens z\u00e9lf concentreren. We zullen de geest maximaal exploiteren, de zintuigen ontstijgen of verinnerlijken, ons lichaam verlaten en evolueren naar Mentale punten, vrijwel onsterfelijk worden en tenslotte het heelal minstens voor een deel controleren. Heel deze omwenteling zou over amper honderd jaar gerealiseerd kunnen zijn.&nbsp; Uiteindelijk zal de bewuste mens slechts een korte tussenschakel geweest zijn van amper 50.000 jaar, tussen de hogere diersoorten en een soort onsterfelijke Homo totus. Dan zal blijken dat de homo sapiens en misschien zelfs zijn beschaving zinledig waren. Voor onze soort is er niet zoveel hoop, voor de nieuwe mens zelf des te meer.<\/p>\n<\/div><\/div>\n","protected":false},"excerpt":{"rendered":"<p>Naast de organisatie van tentoonstellingen en publiekgerichte activiteiten, publiceert het museumteam geregeld werken gewijd aan kunstenaars uit haar collectie. Mensen met interesse voor moderne kunst en abstractie in het bijzonder mogen ons contacteren voor een eventuele samenwerking. Ren\u00e9e Demeester. Paysages abstraits \u2013 Abstracte landschappen Andr\u00e9 Garitte, Chlo\u00e9 Thibault, Stefan Wouters. 184p., 80 kleurenreproducties. uitg. Ren\u00e9 &#8230; <a title=\"Publicatie &#038; onderzoek\" class=\"read-more\" href=\"https:\/\/www.magrittemuseum.be\/index.php\/nl\/bezoek\/publicatie-onderzoek\/\" aria-label=\"En savoir plus sur Publicatie &#038; onderzoek\">Lire la suite<\/a><\/p>\n","protected":false},"author":1,"featured_media":0,"parent":83,"menu_order":3,"comment_status":"closed","ping_status":"closed","template":"","meta":{"footnotes":""},"_links":{"self":[{"href":"https:\/\/www.magrittemuseum.be\/index.php\/wp-json\/wp\/v2\/pages\/324"}],"collection":[{"href":"https:\/\/www.magrittemuseum.be\/index.php\/wp-json\/wp\/v2\/pages"}],"about":[{"href":"https:\/\/www.magrittemuseum.be\/index.php\/wp-json\/wp\/v2\/types\/page"}],"author":[{"embeddable":true,"href":"https:\/\/www.magrittemuseum.be\/index.php\/wp-json\/wp\/v2\/users\/1"}],"replies":[{"embeddable":true,"href":"https:\/\/www.magrittemuseum.be\/index.php\/wp-json\/wp\/v2\/comments?post=324"}],"version-history":[{"count":30,"href":"https:\/\/www.magrittemuseum.be\/index.php\/wp-json\/wp\/v2\/pages\/324\/revisions"}],"predecessor-version":[{"id":6054,"href":"https:\/\/www.magrittemuseum.be\/index.php\/wp-json\/wp\/v2\/pages\/324\/revisions\/6054"}],"up":[{"embeddable":true,"href":"https:\/\/www.magrittemuseum.be\/index.php\/wp-json\/wp\/v2\/pages\/83"}],"wp:attachment":[{"href":"https:\/\/www.magrittemuseum.be\/index.php\/wp-json\/wp\/v2\/media?parent=324"}],"curies":[{"name":"wp","href":"https:\/\/api.w.org\/{rel}","templated":true}]}}