{"id":5886,"date":"2025-06-26T16:46:55","date_gmt":"2025-06-26T14:46:55","guid":{"rendered":"https:\/\/www.magrittemuseum.be\/?page_id=5886"},"modified":"2025-06-26T16:49:44","modified_gmt":"2025-06-26T14:49:44","slug":"focus-felix-labisse","status":"publish","type":"page","link":"https:\/\/www.magrittemuseum.be\/index.php\/fr\/focus-felix-labisse\/","title":{"rendered":"Focus : F\u00e9lix Labisse"},"content":{"rendered":"\n<div class=\"wp-block-media-text is-stacked-on-mobile\"><figure class=\"wp-block-media-text__media\"><img loading=\"lazy\" decoding=\"async\" width=\"819\" height=\"1024\" src=\"https:\/\/www.magrittemuseum.be\/wp-content\/uploads\/2025\/06\/unnamed-819x1024.png\" alt=\"\" class=\"wp-image-5885 size-full\" srcset=\"https:\/\/www.magrittemuseum.be\/wp-content\/uploads\/2025\/06\/unnamed-819x1024.png 819w, https:\/\/www.magrittemuseum.be\/wp-content\/uploads\/2025\/06\/unnamed-240x300.png 240w, https:\/\/www.magrittemuseum.be\/wp-content\/uploads\/2025\/06\/unnamed-768x960.png 768w, https:\/\/www.magrittemuseum.be\/wp-content\/uploads\/2025\/06\/unnamed-1229x1536.png 1229w, https:\/\/www.magrittemuseum.be\/wp-content\/uploads\/2025\/06\/unnamed.png 1440w\" sizes=\"(max-width: 819px) 100vw, 819px\" \/><\/figure><div class=\"wp-block-media-text__content\">\n<p>N\u00e9 dans le Nord de la France, la famille de Labisse  s\u2019installe en Flandre apr\u00e8s la Premi\u00e8re Guerre mondiale. Alors qu\u2019on le pr\u00e9destine \u00e0 une carri\u00e8re de marin, il se tourne vers la peinture d\u00e8s 1924 et ouvre quelques ann\u00e9es plus tard une galerie de peinture \u00e0 Ostende.<\/p>\n\n\n\n<p><br>Ses premiers contacts avec Magritte remontent \u00e0 la fin des ann\u00e9es 1930. Il participe \u00e0 l\u2019exposition Surr\u00e9alisme organis\u00e9e par la galerie des \u00e9ditions de la Bo\u00e9tie en fin d\u2019ann\u00e9e 1945 aux c\u00f4t\u00e9s de Magritte, Sanders, Wergifosse et Bury.<\/p>\n\n\n\n<p><br>Bien que Labisse ne soit venu qu\u2019\u00e0 de rares occasions rue Esseghem, ses relations avec Magritte \u00e9taient tr\u00e8s cordiales. Labisse organise par exemple chez lui, \u00e0 Paris, un cocktail en l\u2019honneur du vernissage de l\u2019exposition de Magritte \u00e0 la galerie du Faubourg o\u00f9 seront pr\u00e9sent\u00e9es les toiles de sa \u2018p\u00e9riode vache\u2019.<\/p>\n<\/div><\/div>\n","protected":false},"excerpt":{"rendered":"<p>N\u00e9 dans le Nord de la France, la famille de Labisse s\u2019installe en Flandre apr\u00e8s la Premi\u00e8re Guerre mondiale. Alors qu\u2019on le pr\u00e9destine \u00e0 une carri\u00e8re de marin, il se tourne vers la peinture d\u00e8s 1924 et ouvre quelques ann\u00e9es plus tard une galerie de peinture \u00e0 Ostende. Ses premiers contacts avec Magritte remontent \u00e0 &#8230; <a title=\"Focus : F\u00e9lix Labisse\" class=\"read-more\" href=\"https:\/\/www.magrittemuseum.be\/index.php\/fr\/focus-felix-labisse\/\" aria-label=\"En savoir plus sur Focus : F\u00e9lix Labisse\">Lire la suite<\/a><\/p>\n","protected":false},"author":1,"featured_media":0,"parent":0,"menu_order":0,"comment_status":"closed","ping_status":"closed","template":"","meta":{"footnotes":""},"_links":{"self":[{"href":"https:\/\/www.magrittemuseum.be\/index.php\/wp-json\/wp\/v2\/pages\/5886"}],"collection":[{"href":"https:\/\/www.magrittemuseum.be\/index.php\/wp-json\/wp\/v2\/pages"}],"about":[{"href":"https:\/\/www.magrittemuseum.be\/index.php\/wp-json\/wp\/v2\/types\/page"}],"author":[{"embeddable":true,"href":"https:\/\/www.magrittemuseum.be\/index.php\/wp-json\/wp\/v2\/users\/1"}],"replies":[{"embeddable":true,"href":"https:\/\/www.magrittemuseum.be\/index.php\/wp-json\/wp\/v2\/comments?post=5886"}],"version-history":[{"count":3,"href":"https:\/\/www.magrittemuseum.be\/index.php\/wp-json\/wp\/v2\/pages\/5886\/revisions"}],"predecessor-version":[{"id":5898,"href":"https:\/\/www.magrittemuseum.be\/index.php\/wp-json\/wp\/v2\/pages\/5886\/revisions\/5898"}],"wp:attachment":[{"href":"https:\/\/www.magrittemuseum.be\/index.php\/wp-json\/wp\/v2\/media?parent=5886"}],"curies":[{"name":"wp","href":"https:\/\/api.w.org\/{rel}","templated":true}]}}