{"id":5942,"date":"2025-07-18T16:57:01","date_gmt":"2025-07-18T14:57:01","guid":{"rendered":"https:\/\/www.magrittemuseum.be\/?page_id=5942"},"modified":"2026-05-02T10:44:11","modified_gmt":"2026-05-02T08:44:11","slug":"the-sounds-of-magritte","status":"publish","type":"page","link":"https:\/\/www.magrittemuseum.be\/index.php\/fr\/the-sounds-of-magritte\/","title":{"rendered":"The sounds of Magritte"},"content":{"rendered":"\n<div class=\"wp-block-media-text is-stacked-on-mobile\"><figure class=\"wp-block-media-text__media\"><img loading=\"lazy\" decoding=\"async\" width=\"1024\" height=\"1024\" src=\"https:\/\/www.magrittemuseum.be\/wp-content\/uploads\/2026\/05\/sounds_of_mag_carre-1024x1024.jpg\" alt=\"\" class=\"wp-image-6309 size-full\" srcset=\"https:\/\/www.magrittemuseum.be\/wp-content\/uploads\/2026\/05\/sounds_of_mag_carre-1024x1024.jpg 1024w, https:\/\/www.magrittemuseum.be\/wp-content\/uploads\/2026\/05\/sounds_of_mag_carre-300x300.jpg 300w, https:\/\/www.magrittemuseum.be\/wp-content\/uploads\/2026\/05\/sounds_of_mag_carre-150x150.jpg 150w, https:\/\/www.magrittemuseum.be\/wp-content\/uploads\/2026\/05\/sounds_of_mag_carre-768x768.jpg 768w, https:\/\/www.magrittemuseum.be\/wp-content\/uploads\/2026\/05\/sounds_of_mag_carre.jpg 1080w\" sizes=\"(max-width: 1024px) 100vw, 1024px\" \/><\/figure><div class=\"wp-block-media-text__content\">\n<p>Le week-end du 16 et 17 mai, (re)d\u00e9couvrez l&rsquo;appartement de Magritte gr\u00e2ce \u00e0 une bande sonore de la vie quotidienne de la rue Esseghem.<\/p>\n\n\n\n<p>Des morceaux de piano de Georgette dans le salon aux tintements des fourchettes dans la cuisine, replongez-vous dans l&rsquo;univers du peintre surr\u00e9aliste.<\/p>\n\n\n\n<h2 class=\"wp-block-heading\">Informations pratiques : <\/h2>\n\n\n\n<ul>\n<li>Le 16 et 17 mai en continu de 10:00 \u00e0 18:00<\/li>\n\n\n\n<li>Compris dans le ticket d&rsquo;entr\u00e9e<\/li>\n\n\n\n<li>Pas de r\u00e9servation obligatoire<\/li>\n<\/ul>\n<\/div><\/div>\n","protected":false},"excerpt":{"rendered":"","protected":false},"author":1,"featured_media":0,"parent":0,"menu_order":0,"comment_status":"closed","ping_status":"closed","template":"","meta":{"footnotes":""},"_links":{"self":[{"href":"https:\/\/www.magrittemuseum.be\/index.php\/wp-json\/wp\/v2\/pages\/5942"}],"collection":[{"href":"https:\/\/www.magrittemuseum.be\/index.php\/wp-json\/wp\/v2\/pages"}],"about":[{"href":"https:\/\/www.magrittemuseum.be\/index.php\/wp-json\/wp\/v2\/types\/page"}],"author":[{"embeddable":true,"href":"https:\/\/www.magrittemuseum.be\/index.php\/wp-json\/wp\/v2\/users\/1"}],"replies":[{"embeddable":true,"href":"https:\/\/www.magrittemuseum.be\/index.php\/wp-json\/wp\/v2\/comments?post=5942"}],"version-history":[{"count":4,"href":"https:\/\/www.magrittemuseum.be\/index.php\/wp-json\/wp\/v2\/pages\/5942\/revisions"}],"predecessor-version":[{"id":6311,"href":"https:\/\/www.magrittemuseum.be\/index.php\/wp-json\/wp\/v2\/pages\/5942\/revisions\/6311"}],"wp:attachment":[{"href":"https:\/\/www.magrittemuseum.be\/index.php\/wp-json\/wp\/v2\/media?parent=5942"}],"curies":[{"name":"wp","href":"https:\/\/api.w.org\/{rel}","templated":true}]}}