{"id":635,"date":"2018-11-15T11:34:23","date_gmt":"2018-11-15T10:34:23","guid":{"rendered":"http:\/\/www.magrittemuseum.be\/?page_id=635"},"modified":"2025-06-05T17:54:53","modified_gmt":"2025-06-05T15:54:53","slug":"crowdfunding","status":"publish","type":"page","link":"https:\/\/www.magrittemuseum.be\/index.php\/nl\/crowdfunding\/","title":{"rendered":"Peters-Mecenassen"},"content":{"rendered":"\n<p>De VZW Ren\u00e9 Magritte Museum &amp; Museum voor Abstracte Kunst bedankt:<\/p>\n\n\n\n<p class=\"has-text-align-left\"><strong>Onze partner organisaties<\/strong><\/p>\n\n\n\n<div class=\"wp-block-group is-nowrap is-layout-flex wp-container-core-group-is-layout-1 wp-block-group-is-layout-flex\">\n<figure class=\"wp-block-image size-large is-resized\"><a href=\"https:\/\/www.jette.brussels\/nl?set_language=nl\"><img loading=\"lazy\" decoding=\"async\" width=\"1024\" height=\"1024\" src=\"https:\/\/www.magrittemuseum.be\/wp-content\/uploads\/2024\/07\/Logo-Jette-2020-groot-1-1024x1024.png\" alt=\"\" class=\"wp-image-5243\" style=\"width:auto;height:75px\" srcset=\"https:\/\/www.magrittemuseum.be\/wp-content\/uploads\/2024\/07\/Logo-Jette-2020-groot-1-1024x1024.png 1024w, https:\/\/www.magrittemuseum.be\/wp-content\/uploads\/2024\/07\/Logo-Jette-2020-groot-1-300x300.png 300w, https:\/\/www.magrittemuseum.be\/wp-content\/uploads\/2024\/07\/Logo-Jette-2020-groot-1-150x150.png 150w, https:\/\/www.magrittemuseum.be\/wp-content\/uploads\/2024\/07\/Logo-Jette-2020-groot-1-768x768.png 768w, https:\/\/www.magrittemuseum.be\/wp-content\/uploads\/2024\/07\/Logo-Jette-2020-groot-1-1536x1536.png 1536w, https:\/\/www.magrittemuseum.be\/wp-content\/uploads\/2024\/07\/Logo-Jette-2020-groot-1-2048x2048.png 2048w, https:\/\/www.magrittemuseum.be\/wp-content\/uploads\/2024\/07\/Logo-Jette-2020-groot-1-1260x1260.png 1260w, https:\/\/www.magrittemuseum.be\/wp-content\/uploads\/2024\/07\/Logo-Jette-2020-groot-1-140x140.png 140w\" sizes=\"(max-width: 1024px) 100vw, 1024px\" \/><\/a><\/figure>\n\n\n\n<figure class=\"wp-block-image size-full is-resized\"><a href=\"https:\/\/be.brussels\/nl\"><img loading=\"lazy\" decoding=\"async\" width=\"600\" height=\"345\" src=\"https:\/\/www.magrittemuseum.be\/wp-content\/uploads\/2024\/07\/Be_Brussels_logo_full.svg_-1.png\" alt=\"\" class=\"wp-image-5244\" style=\"width:auto;height:75px\" srcset=\"https:\/\/www.magrittemuseum.be\/wp-content\/uploads\/2024\/07\/Be_Brussels_logo_full.svg_-1.png 600w, https:\/\/www.magrittemuseum.be\/wp-content\/uploads\/2024\/07\/Be_Brussels_logo_full.svg_-1-300x173.png 300w\" sizes=\"(max-width: 600px) 100vw, 600px\" \/><\/a><\/figure>\n\n\n\n<figure class=\"wp-block-image size-full is-resized\"><img loading=\"lazy\" decoding=\"async\" width=\"467\" height=\"500\" src=\"https:\/\/www.magrittemuseum.be\/wp-content\/uploads\/2024\/07\/Federation-Wallonie-Bruxelles-logo-blanc-1.png\" alt=\"\" class=\"wp-image-5245\" style=\"width:auto;height:75px\" srcset=\"https:\/\/www.magrittemuseum.be\/wp-content\/uploads\/2024\/07\/Federation-Wallonie-Bruxelles-logo-blanc-1.png 467w, https:\/\/www.magrittemuseum.be\/wp-content\/uploads\/2024\/07\/Federation-Wallonie-Bruxelles-logo-blanc-1-280x300.png 280w\" sizes=\"(max-width: 467px) 100vw, 467px\" \/><\/figure>\n\n\n\n<figure class=\"wp-block-image size-full is-resized\"><a href=\"https:\/\/www.vlaanderen.be\/\"><img loading=\"lazy\" decoding=\"async\" width=\"823\" height=\"347\" src=\"https:\/\/www.magrittemuseum.be\/wp-content\/uploads\/2024\/07\/kisspng-vlaamse-overheid-flemish-brussels-herman-teirlinck-belgium-team-5b330fbc025205.1757609815300730200095-1.png\" alt=\"\" class=\"wp-image-5246\" style=\"width:auto;height:75px\" srcset=\"https:\/\/www.magrittemuseum.be\/wp-content\/uploads\/2024\/07\/kisspng-vlaamse-overheid-flemish-brussels-herman-teirlinck-belgium-team-5b330fbc025205.1757609815300730200095-1.png 823w, https:\/\/www.magrittemuseum.be\/wp-content\/uploads\/2024\/07\/kisspng-vlaamse-overheid-flemish-brussels-herman-teirlinck-belgium-team-5b330fbc025205.1757609815300730200095-1-300x126.png 300w, https:\/\/www.magrittemuseum.be\/wp-content\/uploads\/2024\/07\/kisspng-vlaamse-overheid-flemish-brussels-herman-teirlinck-belgium-team-5b330fbc025205.1757609815300730200095-1-768x324.png 768w\" sizes=\"(max-width: 823px) 100vw, 823px\" \/><\/a><\/figure>\n\n\n\n<figure class=\"wp-block-image size-large is-resized\"><a href=\"https:\/\/www.nationale-loterij.be\/meer-dan-spelen\/goede-doelen\"><img loading=\"lazy\" decoding=\"async\" width=\"1024\" height=\"483\" src=\"https:\/\/www.magrittemuseum.be\/wp-content\/uploads\/2024\/07\/Logo_Loterie_Horizontal_SAFEZONE_BASELINE_NL_RGB-1024x483.png\" alt=\"\" class=\"wp-image-5247\" style=\"width:auto;height:75px\" srcset=\"https:\/\/www.magrittemuseum.be\/wp-content\/uploads\/2024\/07\/Logo_Loterie_Horizontal_SAFEZONE_BASELINE_NL_RGB-1024x483.png 1024w, https:\/\/www.magrittemuseum.be\/wp-content\/uploads\/2024\/07\/Logo_Loterie_Horizontal_SAFEZONE_BASELINE_NL_RGB-300x142.png 300w, https:\/\/www.magrittemuseum.be\/wp-content\/uploads\/2024\/07\/Logo_Loterie_Horizontal_SAFEZONE_BASELINE_NL_RGB-768x363.png 768w, https:\/\/www.magrittemuseum.be\/wp-content\/uploads\/2024\/07\/Logo_Loterie_Horizontal_SAFEZONE_BASELINE_NL_RGB-1536x725.png 1536w, https:\/\/www.magrittemuseum.be\/wp-content\/uploads\/2024\/07\/Logo_Loterie_Horizontal_SAFEZONE_BASELINE_NL_RGB-2048x967.png 2048w, https:\/\/www.magrittemuseum.be\/wp-content\/uploads\/2024\/07\/Logo_Loterie_Horizontal_SAFEZONE_BASELINE_NL_RGB-1260x595.png 1260w\" sizes=\"(max-width: 1024px) 100vw, 1024px\" \/><\/a><\/figure>\n<\/div>\n\n\n<p><strong>onze promotiepartners<\/strong><\/p>\n<p><a href=\"https:\/\/www.brusselsmuseums.be\/nl\/musea\/rene-magritte-museum\"><img loading=\"lazy\" decoding=\"async\" class=\"alignnone wp-image-4233\" src=\"https:\/\/www.magrittemuseum.be\/wp-content\/uploads\/2023\/09\/banner4-2-1024x109-3.png\" alt=\"\" width=\"63\" height=\"75\" \/><\/a><a href=\"https:\/\/www.uitinvlaanderen.be\/agenda\/o\/rene-magritte-museum-museum-voor-abstracte-kunst\/89a56f3f-a918-40c6-9546-bb0327912c52\"><img loading=\"lazy\" decoding=\"async\" class=\"alignnone wp-image-4234\" src=\"https:\/\/www.magrittemuseum.be\/wp-content\/uploads\/2023\/09\/5-3.png\" alt=\"\" width=\"148\" height=\"75\" \/><\/a> <a href=\"https:\/\/www.tripadvisor.be\/Attraction_Review-g950784-d245984-Reviews-Rene_Magritte_Museum_Museum_of_Abstract_Art-Jette_Brussels.html\"><img loading=\"lazy\" decoding=\"async\" class=\"alignnone wp-image-4235\" src=\"https:\/\/www.magrittemuseum.be\/wp-content\/uploads\/2023\/09\/2-2.png\" alt=\"\" width=\"82\" height=\"75\" \/><\/a> <a href=\"https:\/\/www.visit.brussels\/nl\/bezoekers\/venue-details.Museum-voor-Abstracte-Kunst.274301\"><img loading=\"lazy\" decoding=\"async\" class=\"alignnone wp-image-4237\" src=\"https:\/\/www.magrittemuseum.be\/wp-content\/uploads\/2023\/09\/4-2-300x96.png\" alt=\"\" width=\"188\" height=\"60\" srcset=\"https:\/\/www.magrittemuseum.be\/wp-content\/uploads\/2023\/09\/4-2-300x96.png 300w, https:\/\/www.magrittemuseum.be\/wp-content\/uploads\/2023\/09\/4-2.png 341w\" sizes=\"(max-width: 188px) 100vw, 188px\" \/><\/a><a href=\"https:\/\/www.kayak.fr\/Brussels.32869.guide\"><img loading=\"lazy\" decoding=\"async\" class=\"alignnone wp-image-4236\" src=\"https:\/\/www.magrittemuseum.be\/wp-content\/uploads\/2023\/09\/3-2-300x101.png\" alt=\"\" width=\"178\" height=\"60\" srcset=\"https:\/\/www.magrittemuseum.be\/wp-content\/uploads\/2023\/09\/3-2-300x101.png 300w, https:\/\/www.magrittemuseum.be\/wp-content\/uploads\/2023\/09\/3-2.png 323w\" sizes=\"(max-width: 178px) 100vw, 178px\" \/><\/a><\/p>\n<p style=\"text-align: left;\"><strong data-wp-editing=\"1\">Onze peters-mecenassen<\/strong><\/p>\n<p style=\"text-align: left;\">Karsten De Clerck, Tony Mary, Filip Moeykens, Christophe Plumier, Eddy Van Gelder<\/p>\n<p style=\"text-align: left;\"><strong>Onze sponsors en milde schenkers<\/strong><\/p>\n<p style=\"text-align: left;\"><img loading=\"lazy\" decoding=\"async\" class=\"alignnone wp-image-1237\" src=\"http:\/\/www.magrittemuseum.be\/wp-content\/uploads\/2019\/11\/bosspaintsRR.png\" alt=\"\" width=\"193\" height=\"50\" srcset=\"https:\/\/www.magrittemuseum.be\/wp-content\/uploads\/2019\/11\/bosspaintsRR.png 495w, https:\/\/www.magrittemuseum.be\/wp-content\/uploads\/2019\/11\/bosspaintsRR-300x78.png 300w\" sizes=\"(max-width: 193px) 100vw, 193px\" \/><img loading=\"lazy\" decoding=\"async\" class=\"alignnone wp-image-1235\" src=\"http:\/\/www.magrittemuseum.be\/wp-content\/uploads\/2019\/11\/d-tral-logo-beveiliging.jpg\" alt=\"\" width=\"135\" height=\"50\" \/> <strong><img loading=\"lazy\" decoding=\"async\" class=\"alignnone wp-image-1234\" src=\"http:\/\/www.magrittemuseum.be\/wp-content\/uploads\/2019\/11\/logo_brioval.png\" alt=\"\" width=\"99\" height=\"50\" \/> <img loading=\"lazy\" decoding=\"async\" class=\"alignnone wp-image-1233\" src=\"http:\/\/www.magrittemuseum.be\/wp-content\/uploads\/2019\/11\/logo_credimo.png\" alt=\"\" width=\"76\" height=\"50\" srcset=\"https:\/\/www.magrittemuseum.be\/wp-content\/uploads\/2019\/11\/logo_credimo.png 440w, https:\/\/www.magrittemuseum.be\/wp-content\/uploads\/2019\/11\/logo_credimo-300x196.png 300w\" sizes=\"(max-width: 76px) 100vw, 76px\" \/><\/strong><\/p>\n<p style=\"text-align: left;\">Art Deco Society, Etienne Boumans, Dimitri Buytaert, Roland Damsin, Alexander Debreucker, Michel De Rouck, Jean Philip De Tender, Bas Dorren, Nicole et Guy Buytaert-Garitte, Sven Gatz, Isabelle Gerard, Ren\u00e9 Jeanmart, Immayer SA , K-Bridge, Fr\u00e9d\u00e9ric Lambeau, Thomas Leysen, Maurice Meyer, Harold Nyssens, Chantal No\u00e9, Indirah Osumba, Geert Robberechts, Emmanuel Roger France, Guy Vandebon, Michel Van der Eecken, Freddy van den Spiegel, Mich\u00e8le Vandroogenbroeck, Johny Van Steen, VOKA, L\u00e9on Wuidar.<\/p>\n\n\n<p><\/p>\n","protected":false},"excerpt":{"rendered":"<p>De VZW Ren\u00e9 Magritte Museum &amp; Museum voor Abstracte Kunst bedankt: Onze partner organisaties onze promotiepartners Onze peters-mecenassen Karsten De Clerck, Tony Mary, Filip Moeykens, Christophe Plumier, Eddy Van Gelder Onze sponsors en milde schenkers Art Deco Society, Etienne Boumans, Dimitri Buytaert, Roland Damsin, Alexander Debreucker, Michel De Rouck, Jean Philip De Tender, Bas Dorren, &#8230; <a title=\"Peters-Mecenassen\" class=\"read-more\" href=\"https:\/\/www.magrittemuseum.be\/index.php\/nl\/crowdfunding\/\" aria-label=\"En savoir plus sur Peters-Mecenassen\">Lire la suite<\/a><\/p>\n","protected":false},"author":1,"featured_media":0,"parent":0,"menu_order":5,"comment_status":"closed","ping_status":"closed","template":"","meta":{"footnotes":""},"_links":{"self":[{"href":"https:\/\/www.magrittemuseum.be\/index.php\/wp-json\/wp\/v2\/pages\/635"}],"collection":[{"href":"https:\/\/www.magrittemuseum.be\/index.php\/wp-json\/wp\/v2\/pages"}],"about":[{"href":"https:\/\/www.magrittemuseum.be\/index.php\/wp-json\/wp\/v2\/types\/page"}],"author":[{"embeddable":true,"href":"https:\/\/www.magrittemuseum.be\/index.php\/wp-json\/wp\/v2\/users\/1"}],"replies":[{"embeddable":true,"href":"https:\/\/www.magrittemuseum.be\/index.php\/wp-json\/wp\/v2\/comments?post=635"}],"version-history":[{"count":31,"href":"https:\/\/www.magrittemuseum.be\/index.php\/wp-json\/wp\/v2\/pages\/635\/revisions"}],"predecessor-version":[{"id":5818,"href":"https:\/\/www.magrittemuseum.be\/index.php\/wp-json\/wp\/v2\/pages\/635\/revisions\/5818"}],"wp:attachment":[{"href":"https:\/\/www.magrittemuseum.be\/index.php\/wp-json\/wp\/v2\/media?parent=635"}],"curies":[{"name":"wp","href":"https:\/\/api.w.org\/{rel}","templated":true}]}}