{"id":6369,"date":"2026-05-16T17:21:52","date_gmt":"2026-05-16T15:21:52","guid":{"rendered":"https:\/\/www.magrittemuseum.be\/?page_id=6369"},"modified":"2026-05-16T17:23:26","modified_gmt":"2026-05-16T15:23:26","slug":"les-visites-du-mercredi","status":"publish","type":"page","link":"https:\/\/www.magrittemuseum.be\/index.php\/fr\/les-visites-du-mercredi\/","title":{"rendered":"Les visites du mercredi"},"content":{"rendered":"\n<div class=\"wp-block-media-text is-stacked-on-mobile\"><figure class=\"wp-block-media-text__media\"><img decoding=\"async\" src=\"https:\/\/www.magrittemuseum.be\/wp-content\/uploads\/2026\/05\/Gratis-Tours-4-5-1.png\" alt=\"\" class=\"wp-image-6370 size-full\"\/><\/figure><div class=\"wp-block-media-text__content\">\n<p>Chaque dernier mercredi du mois, le Mus\u00e9e Ren\u00e9 Magritte et Mus\u00e9e d&rsquo;Art Abstrait vous invite \u00e0 d\u00e9couvrir sa collection sous un jour nouveau. Que vous souhaitiez comprendre l&rsquo;art abstrait ou que vous pr\u00e9f\u00e9riez la vie de Magritte, que vous aimiez les frissons ou que vous pr\u00e9f\u00e9riez la politique; seul, en famille ou entre amis, nous vous invitons \u00e0 prendre part aux visites du mercredi!<\/p>\n\n\n\n<h2 class=\"wp-block-heading\">Informations pratiques:<\/h2>\n\n\n\n<ul class=\"wp-block-list\">\n<li>Quand? Le dernier mercredi du mois \u00e0 15h. <\/li>\n\n\n\n<li>Prix : Compris dans votre ticket d&rsquo;entr\u00e9e<\/li>\n\n\n\n<li>R\u00e9servation souhait\u00e9e* via <a href=\"mailto:reservation@magrittemuseum.be\">reservation@magrittemuseum.be<\/a><\/li>\n<\/ul>\n\n\n\n<h2 class=\"wp-block-heading\">Le programme: <\/h2>\n\n\n\n<ul class=\"wp-block-list\">\n<li>29 avril: Abstracte Invalshoeken (NL)<\/li>\n\n\n\n<li>27 mai: <a href=\"https:\/\/www.magrittemuseum.be\/index.php\/fr\/visite-guidee-ou-sont-les-femmes-le-25-03-26-a-1500\/\" type=\"page\" id=\"6156\">O\u00f9 sont les femmes?<\/a> (FR)<\/li>\n\n\n\n<li>24 juin: <a href=\"https:\/\/www.magrittemuseum.be\/index.php\/nl\/rondleiding-zijn-er-ook-vrouwen-op-24-06-om-15u\/\" type=\"page\" id=\"6201\">Zijn er ook vrouwen?<\/a> (NL)<\/li>\n\n\n\n<li>29 juillet: A day in life of Ren\u00e9 Magritte (ENG)<\/li>\n\n\n\n<li>26 ao\u00fbt : Onderbewust &amp; Occult (NL)<\/li>\n<\/ul>\n<\/div><\/div>\n\n\n\n<p><br>*Vous pouvez venir au Mus\u00e9e le jour-m\u00eame mais la taille des groupes \u00e9tant tr\u00e8s limit\u00e9e, seule une r\u00e9servation au pr\u00e9alable vous garantit une place. <\/p>\n","protected":false},"excerpt":{"rendered":"<p>*Vous pouvez venir au Mus\u00e9e le jour-m\u00eame mais la taille des groupes \u00e9tant tr\u00e8s limit\u00e9e, seule une r\u00e9servation au pr\u00e9alable vous garantit une place.<\/p>\n","protected":false},"author":1,"featured_media":0,"parent":0,"menu_order":0,"comment_status":"closed","ping_status":"closed","template":"","meta":{"footnotes":""},"class_list":["post-6369","page","type-page","status-publish"],"_links":{"self":[{"href":"https:\/\/www.magrittemuseum.be\/index.php\/wp-json\/wp\/v2\/pages\/6369","targetHints":{"allow":["GET"]}}],"collection":[{"href":"https:\/\/www.magrittemuseum.be\/index.php\/wp-json\/wp\/v2\/pages"}],"about":[{"href":"https:\/\/www.magrittemuseum.be\/index.php\/wp-json\/wp\/v2\/types\/page"}],"author":[{"embeddable":true,"href":"https:\/\/www.magrittemuseum.be\/index.php\/wp-json\/wp\/v2\/users\/1"}],"replies":[{"embeddable":true,"href":"https:\/\/www.magrittemuseum.be\/index.php\/wp-json\/wp\/v2\/comments?post=6369"}],"version-history":[{"count":5,"href":"https:\/\/www.magrittemuseum.be\/index.php\/wp-json\/wp\/v2\/pages\/6369\/revisions"}],"predecessor-version":[{"id":6376,"href":"https:\/\/www.magrittemuseum.be\/index.php\/wp-json\/wp\/v2\/pages\/6369\/revisions\/6376"}],"wp:attachment":[{"href":"https:\/\/www.magrittemuseum.be\/index.php\/wp-json\/wp\/v2\/media?parent=6369"}],"curies":[{"name":"wp","href":"https:\/\/api.w.org\/{rel}","templated":true}]}}