{"id":643,"date":"2018-11-15T11:50:52","date_gmt":"2018-11-15T10:50:52","guid":{"rendered":"http:\/\/www.magrittemuseum.be\/?page_id=643"},"modified":"2025-06-05T17:55:38","modified_gmt":"2025-06-05T15:55:38","slug":"crowdfunding-2","status":"publish","type":"page","link":"https:\/\/www.magrittemuseum.be\/index.php\/en\/crowdfunding-2\/","title":{"rendered":"Our patrons &#8211; sponsors"},"content":{"rendered":"\n<p>The Ren\u00e9 Magritte Museum &amp; Abstract Art Museum wishes to thank:<\/p>\n\n\n\n<p><strong>Our partner institutions <\/strong><\/p>\n\n\n\n<div class=\"wp-block-group is-nowrap is-layout-flex wp-container-core-group-is-layout-1 wp-block-group-is-layout-flex\">\n<figure class=\"wp-block-image size-large is-resized\"><a href=\"https:\/\/www.jette.brussels\/en\"><img loading=\"lazy\" decoding=\"async\" width=\"1024\" height=\"1024\" src=\"https:\/\/www.magrittemuseum.be\/wp-content\/uploads\/2024\/07\/Logo-Jette-2020-groot-2-1024x1024.png\" alt=\"\" class=\"wp-image-5249\" style=\"width:auto;height:75px\" srcset=\"https:\/\/www.magrittemuseum.be\/wp-content\/uploads\/2024\/07\/Logo-Jette-2020-groot-2-1024x1024.png 1024w, https:\/\/www.magrittemuseum.be\/wp-content\/uploads\/2024\/07\/Logo-Jette-2020-groot-2-300x300.png 300w, https:\/\/www.magrittemuseum.be\/wp-content\/uploads\/2024\/07\/Logo-Jette-2020-groot-2-150x150.png 150w, https:\/\/www.magrittemuseum.be\/wp-content\/uploads\/2024\/07\/Logo-Jette-2020-groot-2-768x768.png 768w, https:\/\/www.magrittemuseum.be\/wp-content\/uploads\/2024\/07\/Logo-Jette-2020-groot-2-1536x1536.png 1536w, https:\/\/www.magrittemuseum.be\/wp-content\/uploads\/2024\/07\/Logo-Jette-2020-groot-2-2048x2048.png 2048w, https:\/\/www.magrittemuseum.be\/wp-content\/uploads\/2024\/07\/Logo-Jette-2020-groot-2-1260x1260.png 1260w, https:\/\/www.magrittemuseum.be\/wp-content\/uploads\/2024\/07\/Logo-Jette-2020-groot-2-140x140.png 140w\" sizes=\"(max-width: 1024px) 100vw, 1024px\" \/><\/a><\/figure>\n\n\n\n<figure class=\"wp-block-image size-full is-resized\"><a href=\"https:\/\/be.brussels\/en\"><img loading=\"lazy\" decoding=\"async\" width=\"600\" height=\"345\" src=\"https:\/\/www.magrittemuseum.be\/wp-content\/uploads\/2024\/07\/Be_Brussels_logo_full.svg_-2.png\" alt=\"\" class=\"wp-image-5250\" style=\"width:auto;height:75px\" srcset=\"https:\/\/www.magrittemuseum.be\/wp-content\/uploads\/2024\/07\/Be_Brussels_logo_full.svg_-2.png 600w, https:\/\/www.magrittemuseum.be\/wp-content\/uploads\/2024\/07\/Be_Brussels_logo_full.svg_-2-300x173.png 300w\" sizes=\"(max-width: 600px) 100vw, 600px\" \/><\/a><\/figure>\n\n\n\n<figure class=\"wp-block-image size-full is-resized\"><a href=\"https:\/\/www.federation-wallonie-bruxelles.be\/\"><img loading=\"lazy\" decoding=\"async\" width=\"467\" height=\"500\" src=\"https:\/\/www.magrittemuseum.be\/wp-content\/uploads\/2024\/07\/Federation-Wallonie-Bruxelles-logo-blanc-2.png\" alt=\"\" class=\"wp-image-5252\" style=\"width:auto;height:75px\" srcset=\"https:\/\/www.magrittemuseum.be\/wp-content\/uploads\/2024\/07\/Federation-Wallonie-Bruxelles-logo-blanc-2.png 467w, https:\/\/www.magrittemuseum.be\/wp-content\/uploads\/2024\/07\/Federation-Wallonie-Bruxelles-logo-blanc-2-280x300.png 280w\" sizes=\"(max-width: 467px) 100vw, 467px\" \/><\/a><\/figure>\n\n\n\n<figure class=\"wp-block-image size-full is-resized\"><a href=\"https:\/\/www.vlaanderen.be\/\"><img loading=\"lazy\" decoding=\"async\" width=\"823\" height=\"347\" src=\"https:\/\/www.magrittemuseum.be\/wp-content\/uploads\/2024\/07\/kisspng-vlaamse-overheid-flemish-brussels-herman-teirlinck-belgium-team-5b330fbc025205.1757609815300730200095-2.png\" alt=\"\" class=\"wp-image-5253\" style=\"width:auto;height:75px\" srcset=\"https:\/\/www.magrittemuseum.be\/wp-content\/uploads\/2024\/07\/kisspng-vlaamse-overheid-flemish-brussels-herman-teirlinck-belgium-team-5b330fbc025205.1757609815300730200095-2.png 823w, https:\/\/www.magrittemuseum.be\/wp-content\/uploads\/2024\/07\/kisspng-vlaamse-overheid-flemish-brussels-herman-teirlinck-belgium-team-5b330fbc025205.1757609815300730200095-2-300x126.png 300w, https:\/\/www.magrittemuseum.be\/wp-content\/uploads\/2024\/07\/kisspng-vlaamse-overheid-flemish-brussels-herman-teirlinck-belgium-team-5b330fbc025205.1757609815300730200095-2-768x324.png 768w\" sizes=\"(max-width: 823px) 100vw, 823px\" \/><\/a><\/figure>\n\n\n\n<figure class=\"wp-block-image size-large is-resized\"><a href=\"https:\/\/www.loterie-nationale.be\/bien-plus-que-jouer\/bonnes-causes\"><img loading=\"lazy\" decoding=\"async\" width=\"1024\" height=\"281\" src=\"https:\/\/www.magrittemuseum.be\/wp-content\/uploads\/2024\/07\/Logo_Loterie_SAFEZONE_BASELINE_EN_RGB-1024x281.png\" alt=\"\" class=\"wp-image-5254\" style=\"width:auto;height:75px\" srcset=\"https:\/\/www.magrittemuseum.be\/wp-content\/uploads\/2024\/07\/Logo_Loterie_SAFEZONE_BASELINE_EN_RGB-1024x281.png 1024w, https:\/\/www.magrittemuseum.be\/wp-content\/uploads\/2024\/07\/Logo_Loterie_SAFEZONE_BASELINE_EN_RGB-300x82.png 300w, https:\/\/www.magrittemuseum.be\/wp-content\/uploads\/2024\/07\/Logo_Loterie_SAFEZONE_BASELINE_EN_RGB-768x211.png 768w, https:\/\/www.magrittemuseum.be\/wp-content\/uploads\/2024\/07\/Logo_Loterie_SAFEZONE_BASELINE_EN_RGB-1536x421.png 1536w, https:\/\/www.magrittemuseum.be\/wp-content\/uploads\/2024\/07\/Logo_Loterie_SAFEZONE_BASELINE_EN_RGB-2048x561.png 2048w, https:\/\/www.magrittemuseum.be\/wp-content\/uploads\/2024\/07\/Logo_Loterie_SAFEZONE_BASELINE_EN_RGB-1260x345.png 1260w\" sizes=\"(max-width: 1024px) 100vw, 1024px\" \/><\/a><\/figure>\n<\/div>\n\n\n\n<div class=\"wp-block-columns are-vertically-aligned-center is-layout-flex wp-container-core-columns-is-layout-1 wp-block-columns-is-layout-flex\">\n<div class=\"wp-block-column is-vertically-aligned-center is-layout-flow wp-block-column-is-layout-flow\" style=\"flex-basis:100%\">\n<p><strong>Our promotional partners<\/strong><\/p>\n<p><a href=\"https:\/\/www.brusselsmuseums.be\/en\/museums\/rene-magritte-museum\"><img loading=\"lazy\" decoding=\"async\" class=\"alignnone wp-image-4225\" src=\"https:\/\/www.magrittemuseum.be\/wp-content\/uploads\/2023\/09\/banner4-2-1024x109-2.png\" alt=\"\" width=\"63\" height=\"75\" \/><\/a><a href=\"https:\/\/www.uitinvlaanderen.be\/agenda\/o\/rene-magritte-museum-museum-voor-abstracte-kunst\/89a56f3f-a918-40c6-9546-bb0327912c52\"><img loading=\"lazy\" decoding=\"async\" class=\"alignnone wp-image-4227\" src=\"https:\/\/www.magrittemuseum.be\/wp-content\/uploads\/2023\/09\/5-2.png\" alt=\"\" width=\"148\" height=\"75\" \/><\/a><a href=\"https:\/\/www.tripadvisor.com\/Attraction_Review-g950784-d245984-Reviews-Rene_Magritte_Museum_Museum_of_Abstract_Art-Jette_Brussels.html\"><img loading=\"lazy\" decoding=\"async\" class=\"alignnone wp-image-4228\" src=\"https:\/\/www.magrittemuseum.be\/wp-content\/uploads\/2023\/09\/2-1.png\" alt=\"\" width=\"82\" height=\"75\" \/><\/a><a href=\"https:\/\/www.visit.brussels\/en\/visitors\/venue-details.Museum-for-Abstract-Art.274301\"><img loading=\"lazy\" decoding=\"async\" class=\"alignnone wp-image-4230\" src=\"https:\/\/www.magrittemuseum.be\/wp-content\/uploads\/2023\/09\/4-1-300x96.png\" alt=\"\" width=\"188\" height=\"60\" srcset=\"https:\/\/www.magrittemuseum.be\/wp-content\/uploads\/2023\/09\/4-1-300x96.png 300w, https:\/\/www.magrittemuseum.be\/wp-content\/uploads\/2023\/09\/4-1.png 341w\" sizes=\"(max-width: 188px) 100vw, 188px\" \/><\/a><a href=\"https:\/\/www.kayak.fr\/Brussels.32869.guide\"><img loading=\"lazy\" decoding=\"async\" class=\"alignnone wp-image-4229\" src=\"https:\/\/www.magrittemuseum.be\/wp-content\/uploads\/2023\/09\/3-1-300x101.png\" alt=\"\" width=\"178\" height=\"60\" srcset=\"https:\/\/www.magrittemuseum.be\/wp-content\/uploads\/2023\/09\/3-1-300x101.png 300w, https:\/\/www.magrittemuseum.be\/wp-content\/uploads\/2023\/09\/3-1.png 323w\" sizes=\"(max-width: 178px) 100vw, 178px\" \/><\/a><\/p>\n<p style=\"text-align: left;\"><strong>Our patrons-sponsors<\/strong><\/p>\n<p style=\"text-align: left;\">Karsten De Clerck, Tony Mary, Filip Moeykens, Christophe Plumier, Eddy Van Gelder<\/p>\n<p style=\"text-align: left;\"><strong>Our sponsors and generous donors<\/strong><\/p>\n<p><img loading=\"lazy\" decoding=\"async\" class=\"alignnone wp-image-1244\" src=\"http:\/\/www.magrittemuseum.be\/wp-content\/uploads\/2019\/11\/bosspaintsRR-1.png\" alt=\"\" width=\"193\" height=\"50\" srcset=\"https:\/\/www.magrittemuseum.be\/wp-content\/uploads\/2019\/11\/bosspaintsRR-1.png 495w, https:\/\/www.magrittemuseum.be\/wp-content\/uploads\/2019\/11\/bosspaintsRR-1-300x78.png 300w\" sizes=\"(max-width: 193px) 100vw, 193px\" \/> <strong><img loading=\"lazy\" decoding=\"async\" class=\"alignnone wp-image-1245\" src=\"http:\/\/www.magrittemuseum.be\/wp-content\/uploads\/2019\/11\/d-tral-logo-beveiliging-1.jpg\" alt=\"\" width=\"135\" height=\"50\" \/>\u00a0<img loading=\"lazy\" decoding=\"async\" class=\"alignnone wp-image-1246\" src=\"http:\/\/www.magrittemuseum.be\/wp-content\/uploads\/2019\/11\/logo_brioval-1.png\" alt=\"\" width=\"99\" height=\"50\" \/> <img loading=\"lazy\" decoding=\"async\" class=\"alignnone wp-image-1247\" src=\"http:\/\/www.magrittemuseum.be\/wp-content\/uploads\/2019\/11\/logo_credimo-1.png\" alt=\"\" width=\"76\" height=\"50\" srcset=\"https:\/\/www.magrittemuseum.be\/wp-content\/uploads\/2019\/11\/logo_credimo-1.png 440w, https:\/\/www.magrittemuseum.be\/wp-content\/uploads\/2019\/11\/logo_credimo-1-300x196.png 300w\" sizes=\"(max-width: 76px) 100vw, 76px\" \/>\u00a0<\/strong><\/p>\n<p style=\"text-align: left;\">Art Deco Society, Etienne Boumans, Dimitri Buytaert, Roland Damsin, Alexander Debreucker, Michel De Rouck, Jean Philip De Tender, Bas Dorren, Nicole et Guy Buytaert-Garitte, Sven Gatz, Isabelle Gerard, Ren\u00e9 Jeanmart, Immayer SA , K-Bridge, Fr\u00e9d\u00e9ric Lambeau, Thomas Leysen, Maurice Meyer, Harold Nyssens, Chantal No\u00e9, Indirah Osumba, Geert Robberechts, Emmanuel Roger France, Guy Vandebon, Michel Van der Eecken, Freddy van den Spiegel, Mich\u00e8le Vandroogenbroeck, Johny Van Steen, VOKA, L\u00e9on Wuidar.<\/p>\n<\/div>\n<\/div>\n","protected":false},"excerpt":{"rendered":"<p>The Ren\u00e9 Magritte Museum &amp; Abstract Art Museum wishes to thank: Our partner institutions Our promotional partners Our patrons-sponsors Karsten De Clerck, Tony Mary, Filip Moeykens, Christophe Plumier, Eddy Van Gelder Our sponsors and generous donors \u00a0 \u00a0 Art Deco Society, Etienne Boumans, Dimitri Buytaert, Roland Damsin, Alexander Debreucker, Michel De Rouck, Jean Philip De &#8230; <a title=\"Our patrons &#8211; sponsors\" class=\"read-more\" href=\"https:\/\/www.magrittemuseum.be\/index.php\/en\/crowdfunding-2\/\" aria-label=\"En savoir plus sur Our patrons &#8211; sponsors\">Lire la suite<\/a><\/p>\n","protected":false},"author":1,"featured_media":0,"parent":0,"menu_order":5,"comment_status":"closed","ping_status":"closed","template":"","meta":{"footnotes":""},"_links":{"self":[{"href":"https:\/\/www.magrittemuseum.be\/index.php\/wp-json\/wp\/v2\/pages\/643"}],"collection":[{"href":"https:\/\/www.magrittemuseum.be\/index.php\/wp-json\/wp\/v2\/pages"}],"about":[{"href":"https:\/\/www.magrittemuseum.be\/index.php\/wp-json\/wp\/v2\/types\/page"}],"author":[{"embeddable":true,"href":"https:\/\/www.magrittemuseum.be\/index.php\/wp-json\/wp\/v2\/users\/1"}],"replies":[{"embeddable":true,"href":"https:\/\/www.magrittemuseum.be\/index.php\/wp-json\/wp\/v2\/comments?post=643"}],"version-history":[{"count":28,"href":"https:\/\/www.magrittemuseum.be\/index.php\/wp-json\/wp\/v2\/pages\/643\/revisions"}],"predecessor-version":[{"id":5820,"href":"https:\/\/www.magrittemuseum.be\/index.php\/wp-json\/wp\/v2\/pages\/643\/revisions\/5820"}],"wp:attachment":[{"href":"https:\/\/www.magrittemuseum.be\/index.php\/wp-json\/wp\/v2\/media?parent=643"}],"curies":[{"name":"wp","href":"https:\/\/api.w.org\/{rel}","templated":true}]}}