{"id":848,"date":"2019-02-01T09:55:31","date_gmt":"2019-02-01T08:55:31","guid":{"rendered":"http:\/\/www.magrittemuseum.be\/?page_id=848"},"modified":"2024-04-14T14:29:37","modified_gmt":"2024-04-14T12:29:37","slug":"notices-biographiques","status":"publish","type":"page","link":"https:\/\/www.magrittemuseum.be\/index.php\/fr\/musee-dart-abstrait\/notices-biographiques\/","title":{"rendered":"Notices biographiques"},"content":{"rendered":"<figure id=\"attachment_846\" aria-describedby=\"caption-attachment-846\" style=\"width: 288px\" class=\"wp-caption aligncenter\"><img loading=\"lazy\" decoding=\"async\" class=\"wp-image-846 size-full\" src=\"https:\/\/www.magrittemuseum.be\/wp-content\/uploads\/2019\/01\/cover-siteweb.jpg\" alt=\"\" width=\"298\" height=\"420\" srcset=\"https:\/\/www.magrittemuseum.be\/wp-content\/uploads\/2019\/01\/cover-siteweb.jpg 298w, https:\/\/www.magrittemuseum.be\/wp-content\/uploads\/2019\/01\/cover-siteweb-213x300.jpg 213w\" sizes=\"(max-width: 298px) 100vw, 298px\" \/><figcaption id=\"caption-attachment-846\" class=\"wp-caption-text\">Cover: Pierre-Louis Flouquet, Composition, ca 1921<\/figcaption><\/figure>\n<p>\u00c0 l&rsquo;occasion de l&rsquo;ouverture du Mus\u00e9e d&rsquo;Art Abstrait en 2019, notre \u00e9quipe p\u00e9dagogique a r\u00e9alis\u00e9 un carnet divis\u00e9 en 12 chapitres th\u00e9matiques permettant d&rsquo;explorer la nouvelle collection du Mus\u00e9e. Vous y d\u00e9couvrirez le lien entre Magritte et l&rsquo;abstraction, la diff\u00e9rence entre l&rsquo;abstraction lyrique et g\u00e9om\u00e9trique, ou encore le lien entre peinture et musique.<\/p>\n<h4>Versions \u00e0 imprimer :<\/h4>\n<p><a href=\"http:\/\/www.magrittemuseum.be\/wp-content\/uploads\/2019\/04\/cover.pdf\">0) Cover<\/a><\/p>\n<p><a href=\"http:\/\/www.magrittemuseum.be\/wp-content\/uploads\/2019\/01\/1-pr\u00e9mices-de-labstraction.pdf\">1) pr\u00e9mices de l&rsquo;abstraction <\/a><\/p>\n<p><a href=\"http:\/\/www.magrittemuseum.be\/wp-content\/uploads\/2019\/02\/2-7-arts.pdf\">2) le groupe bruxellois 7 arts<\/a><\/p>\n<p><a href=\"http:\/\/www.magrittemuseum.be\/wp-content\/uploads\/2019\/02\/3-abstraction-\u00e0-anvers.pdf\">3) Abstraction \u00e0 Anvers<\/a><\/p>\n<p><a href=\"http:\/\/www.magrittemuseum.be\/wp-content\/uploads\/2019\/02\/4-Abstraction-\u00e0-l\u00e9tranger.pdf\">4) Abstraction \u00e0 l&rsquo;\u00e9tranger<\/a><\/p>\n<p><a href=\"http:\/\/www.magrittemuseum.be\/wp-content\/uploads\/2019\/03\/5-Abstraction-et-surr\u00e9alisme.pdf\">5) Abstraction et surr\u00e9alisme<\/a><\/p>\n<p><a href=\"http:\/\/www.magrittemuseum.be\/wp-content\/uploads\/2019\/03\/6-Abstraction-et-musique.pdf\">6) Abstraction et musique<\/a><\/p>\n<p><a href=\"http:\/\/www.magrittemuseum.be\/wp-content\/uploads\/2019\/03\/7-Abstraction-g\u00e9om\u00e9trique-et-constructiviste.pdf\">7) Abstraction g\u00e9om\u00e9trique et constructiviste<\/a><\/p>\n<p><a href=\"http:\/\/www.magrittemuseum.be\/wp-content\/uploads\/2019\/03\/8-la-peinture-gestuelle-et-lyrique.pdf\">8) la peinture gestuelle et lyrique<\/a><\/p>\n<p><a href=\"http:\/\/www.magrittemuseum.be\/wp-content\/uploads\/2019\/03\/9-La-peinture-relief.pdf\">9) La peinture relief<\/a><\/p>\n<p><a href=\"http:\/\/www.magrittemuseum.be\/wp-content\/uploads\/2019\/04\/10-la-peinture-mati\u00e8re.pdf\">10) La peinture mati\u00e8re<\/a><\/p>\n<p><a href=\"http:\/\/www.magrittemuseum.be\/wp-content\/uploads\/2019\/04\/11-la-sculpture-abstraite.pdf\">11) la sculpture abstraite<\/a><\/p>\n<p><a href=\"http:\/\/www.magrittemuseum.be\/wp-content\/uploads\/2021\/04\/dorchy-biographie.pdf\">12) Henry Dorchy Biographie<\/a><\/p>\n<p>La biographie de l&rsquo;artiste Henry Dorchy nous a \u00e9t\u00e9 aimablement fournie par les ayant-droits.<\/p>\n","protected":false},"excerpt":{"rendered":"<p>\u00c0 l&rsquo;occasion de l&rsquo;ouverture du Mus\u00e9e d&rsquo;Art Abstrait en 2019, notre \u00e9quipe p\u00e9dagogique a r\u00e9alis\u00e9 un carnet divis\u00e9 en 12 chapitres th\u00e9matiques permettant d&rsquo;explorer la nouvelle collection du Mus\u00e9e. Vous y d\u00e9couvrirez le lien entre Magritte et l&rsquo;abstraction, la diff\u00e9rence entre l&rsquo;abstraction lyrique et g\u00e9om\u00e9trique, ou encore le lien entre peinture et musique. Versions \u00e0 &#8230; <a title=\"Notices biographiques\" class=\"read-more\" href=\"https:\/\/www.magrittemuseum.be\/index.php\/fr\/musee-dart-abstrait\/notices-biographiques\/\" aria-label=\"En savoir plus sur Notices biographiques\">Lire la suite<\/a><\/p>\n","protected":false},"author":1,"featured_media":0,"parent":224,"menu_order":0,"comment_status":"closed","ping_status":"closed","template":"","meta":{"footnotes":""},"_links":{"self":[{"href":"https:\/\/www.magrittemuseum.be\/index.php\/wp-json\/wp\/v2\/pages\/848"}],"collection":[{"href":"https:\/\/www.magrittemuseum.be\/index.php\/wp-json\/wp\/v2\/pages"}],"about":[{"href":"https:\/\/www.magrittemuseum.be\/index.php\/wp-json\/wp\/v2\/types\/page"}],"author":[{"embeddable":true,"href":"https:\/\/www.magrittemuseum.be\/index.php\/wp-json\/wp\/v2\/users\/1"}],"replies":[{"embeddable":true,"href":"https:\/\/www.magrittemuseum.be\/index.php\/wp-json\/wp\/v2\/comments?post=848"}],"version-history":[{"count":26,"href":"https:\/\/www.magrittemuseum.be\/index.php\/wp-json\/wp\/v2\/pages\/848\/revisions"}],"predecessor-version":[{"id":4815,"href":"https:\/\/www.magrittemuseum.be\/index.php\/wp-json\/wp\/v2\/pages\/848\/revisions\/4815"}],"up":[{"embeddable":true,"href":"https:\/\/www.magrittemuseum.be\/index.php\/wp-json\/wp\/v2\/pages\/224"}],"wp:attachment":[{"href":"https:\/\/www.magrittemuseum.be\/index.php\/wp-json\/wp\/v2\/media?parent=848"}],"curies":[{"name":"wp","href":"https:\/\/api.w.org\/{rel}","templated":true}]}}